{"id":16650,"date":"2020-02-24T22:15:15","date_gmt":"2020-02-24T22:15:15","guid":{"rendered":"https:\/\/demo01.houzez.co\/?page_id=16650"},"modified":"2024-07-17T11:41:02","modified_gmt":"2024-07-17T11:41:02","slug":"projeler","status":"publish","type":"page","link":"https:\/\/dervisbeygayrimenkul.com\/index.php\/projeler\/","title":{"rendered":"PROJELER"},"content":{"rendered":"\t\t<div data-elementor-type=\"wp-page\" data-elementor-id=\"16650\" class=\"elementor elementor-16650\">\n\t\t\t\t\t\t<section class=\"elementor-section elementor-top-section elementor-element elementor-element-5b81e21 elementor-section-height-min-height animated-slow elementor-section-boxed elementor-section-height-default elementor-section-items-middle elementor-invisible\" data-id=\"5b81e21\" data-element_type=\"section\" data-e-type=\"section\" data-settings=\"{&quot;background_background&quot;:&quot;classic&quot;,&quot;animation&quot;:&quot;fadeIn&quot;}\">\n\t\t\t\t\t\t\t<div class=\"elementor-background-overlay\"><\/div>\n\t\t\t\t\t\t\t<div class=\"elementor-container elementor-column-gap-default\">\n\t\t\t\t\t<div class=\"elementor-column elementor-col-100 elementor-top-column elementor-element elementor-element-ad367f8\" data-id=\"ad367f8\" data-element_type=\"column\" data-e-type=\"column\">\n\t\t\t<div class=\"elementor-widget-wrap elementor-element-populated\">\n\t\t\t\t\t\t<div class=\"elementor-element elementor-element-0e7939f elementor-widget elementor-widget-heading\" data-id=\"0e7939f\" data-element_type=\"widget\" data-e-type=\"widget\" data-widget_type=\"heading.default\">\n\t\t\t\t<div class=\"elementor-widget-container\">\n\t\t\t\t\t<h1 class=\"elementor-heading-title elementor-size-default\"><a href=\"https:\/\/api.whatsapp.com\/send\/?phone=905303454282&#038;text=bilgi+almak+istiyorum+%3F&#038;type=phone_number&#038;app_absent=0\">PROJELER<\/a><\/h1>\t\t\t\t<\/div>\n\t\t\t\t<\/div>\n\t\t\t\t\t<\/div>\n\t\t<\/div>\n\t\t\t\t\t<\/div>\n\t\t<\/section>\n\t\t\t\t<section class=\"elementor-section elementor-top-section elementor-element elementor-element-09038dc elementor-section-boxed elementor-section-height-default elementor-section-height-default\" data-id=\"09038dc\" data-element_type=\"section\" data-e-type=\"section\" data-settings=\"{&quot;background_background&quot;:&quot;classic&quot;}\">\n\t\t\t\t\t\t<div class=\"elementor-container elementor-column-gap-default\">\n\t\t\t\t\t<div class=\"elementor-column elementor-col-100 elementor-top-column elementor-element elementor-element-c8278ac\" data-id=\"c8278ac\" data-element_type=\"column\" data-e-type=\"column\">\n\t\t\t<div class=\"elementor-widget-wrap elementor-element-populated\">\n\t\t\t\t\t\t<div class=\"elementor-element elementor-element-3271868 elementor-widget elementor-widget-spacer\" data-id=\"3271868\" data-element_type=\"widget\" data-e-type=\"widget\" data-widget_type=\"spacer.default\">\n\t\t\t\t<div class=\"elementor-widget-container\">\n\t\t\t\t\t\t\t<div class=\"elementor-spacer\">\n\t\t\t<div class=\"elementor-spacer-inner\"><\/div>\n\t\t<\/div>\n\t\t\t\t\t\t<\/div>\n\t\t\t\t<\/div>\n\t\t\t\t<div class=\"elementor-element elementor-element-e7372b6 animated-slow elementor-invisible elementor-widget elementor-widget-houzez_elementor_section_title\" data-id=\"e7372b6\" data-element_type=\"widget\" data-e-type=\"widget\" data-settings=\"{&quot;_animation&quot;:&quot;fadeIn&quot;}\" data-widget_type=\"houzez_elementor_section_title.default\">\n\t\t\t\t<div class=\"elementor-widget-container\">\n\t\t\t\t\t            <div class=\"houzez_section_title_wrap section-title-module\">\n                                    <h2 class=\"houzez_section_title\">projeler<\/h2>\n                \n                            <\/div>\n            \t\t\t\t<\/div>\n\t\t\t\t<\/div>\n\t\t\t\t<div class=\"elementor-element elementor-element-69fe9b8 elementor-widget elementor-widget-text-editor\" data-id=\"69fe9b8\" data-element_type=\"widget\" data-e-type=\"widget\" data-widget_type=\"text-editor.default\">\n\t\t\t\t<div class=\"elementor-widget-container\">\n\t\t\t\t\t\t\t\t\t<p><b>Proje<\/b>, bir probleme \u00e7\u00f6z\u00fcm bulma ya da beliren bir f\u0131rsat\u0131 de\u011ferlendirmeye y\u00f6nelik, bir ekibin, ba\u015flang\u0131c\u0131 ve biti\u015fi belirli bir s\u00fcre ve s\u0131n\u0131rl\u0131 bir finansman dahilinde, birtak\u0131m kaynaklar kullanarak, m\u00fc\u015fteri memnuniyetini ve kaliteyi g\u00f6z \u00f6n\u00fcnde bulundururken olas\u0131 riskleri y\u00f6netmek \u015fart\u0131yla, tan\u0131mlanm\u0131\u015f bir kapsama uygun ama\u00e7 ve hedefler do\u011frultusunda \u00f6zg\u00fcn bir plan\u0131 ba\u015flatma, y\u00fcr\u00fctme, kontrol etme ve sonuca ba\u011flama s\u00fcrecidir.<\/p><p><i>Proje<\/i>\u00a0kelimesi\u00a0Latince\u00a0<i>projectum<\/i>dan gelir. T\u00fcrk\u00e7emize bir\u00e7ok kelime gibi\u00a0Frans\u0131zca\u00a0<i>projet<\/i>den gelmi\u015ftir. Latince kelime,\u00a0<i>projicere<\/i>den t\u00fcremi\u015ftir ki bu da &#8220;bir \u015feyi ileriye atmak&#8221; demektir. Buradaki\u00a0<i>pro-<\/i>\u00a0hecesi, eylemden \u00f6nce yap\u0131lan \u015feye ve ayn\u0131 zamanda kelimenin dev\u00e2m\u0131ndaki \u015feydene \u00f6nce yap\u0131lana i\u015f\u00e2ret etmektedir. Bu a\u00e7\u0131dan pro hecesi,\u00a0Yunanca&#8217;daki \u03c0\u03c1\u03cc&#8217;ya benzemektedir. Latince k\u00f6ken olan kelimenin dev\u00e2m\u0131 olan\u00a0<i>jacere<\/i>\u00a0ise &#8220;f\u0131rlatmak&#8221; demektir. Demek ki ilk \u00f6nceleri proje kelimesinin anlam\u0131 &#8220;herhangi bir \u015fey yap\u0131lmadan \u00f6nce gelen \u015fey&#8221; demekti. Kelime kullan\u0131lmaya ba\u015fland\u0131\u011f\u0131nda yaln\u0131zca bir i\u015fe ba\u015flanmadan \u00f6nce yap\u0131lan plan demekti ve plan\u0131n uygulamaya al\u0131nd\u0131\u011f\u0131 safhay\u0131 i\u00e7ine alm\u0131yordu. Projeyle ber\u00e2ber yap\u0131lagelen \u015feye\u00a0nesne\u00a0denirdi. Kelimenin kullan\u0131m\u0131,\u00a0proje y\u00f6netimiyle\u00a0ilgili birka\u00e7 metot ortaya \u00e7\u0131kt\u0131\u011f\u0131\u00a01950&#8217;lerde\u00a0de\u011fi\u015fiverdi. Bundan sonra proje kelimesi, hem ilk ba\u015ftaki anlam\u0131yla projeyi, hem de nesneyi kapsar \u015fekilde kullan\u0131lmaya ba\u015fland\u0131. Buna ra\u011fmen baz\u0131 projelerde bug\u00fcne kadar projelerde\u00a0<i>nesneler<\/i>\u00a0ve\u00a0<i>nesne\u00a0m\u00fcd\u00fcrleri<\/i>\u00a0vard\u0131r.<\/p><h2><span id=\".C3.96zellikleri\"><\/span><span id=\"\u00d6zellikleri\" class=\"mw-headline\">\u00d6zellikleri<\/span><\/h2><p>Projeler, operasyonlara k\u0131yasla farkl\u0131d\u0131r. Operasyonlar, devaml\u0131 yap\u0131lagelen ve pek de\u011fi\u015fmeyen \u00e7al\u0131\u015fmalard\u0131r. Sonu\u00e7lar\u0131 pek de\u011fi\u015fmez. Projeler ge\u00e7ici olup bir kereye mahsus sonu\u00e7lar verirler ve tamamlan\u0131nca biterler.<\/p><p>Projeler, sonuca ula\u015fabilmek i\u00e7in\u00a0kayna\u011fa\u00a0ihtiya\u00e7 duyarlar. \u00c7o\u011fu zaman projenin uygulamas\u0131 detayl\u0131 bir\u00a0plana\u00a0dayan\u0131r. Bu planlar d\u0131\u015f fakt\u00f6rleri ve\u00a0s\u0131n\u0131rlamalar\u0131\u00a0da g\u00f6z\u00f6n\u00fcnde bulundurarak yap\u0131l\u0131r. Planlama, uygulama ve proje kontrol\u00fc,\u00a0proje y\u00f6netiminin\u00a0birincil hedefidir. Baz\u0131 projeler i\u00e7in \u00f6zel ve ge\u00e7ici olarak proje grubu ve \u00e7al\u0131\u015fma grubundan olu\u015fan bir\u00a0organizasyon\u00a0kurmak gerekebilir.<\/p><p>B\u00fcy\u00fck projeler\u00a0alt projelere\u00a0b\u00f6l\u00fcnebilir.<\/p>\t\t\t\t\t\t\t\t<\/div>\n\t\t\t\t<\/div>\n\t\t\t\t<div class=\"elementor-element elementor-element-89a95a6 elementor-widget elementor-widget-spacer\" data-id=\"89a95a6\" data-element_type=\"widget\" data-e-type=\"widget\" data-widget_type=\"spacer.default\">\n\t\t\t\t<div class=\"elementor-widget-container\">\n\t\t\t\t\t\t\t<div class=\"elementor-spacer\">\n\t\t\t<div class=\"elementor-spacer-inner\"><\/div>\n\t\t<\/div>\n\t\t\t\t\t\t<\/div>\n\t\t\t\t<\/div>\n\t\t\t\t\t<\/div>\n\t\t<\/div>\n\t\t\t\t\t<\/div>\n\t\t<\/section>\n\t\t\t\t<\/div>\n\t\t","protected":false},"excerpt":{"rendered":"<p>PROJELER projeler Proje, bir probleme \u00e7\u00f6z\u00fcm bulma ya da beliren bir f\u0131rsat\u0131 de\u011ferlendirmeye y\u00f6nelik, bir ekibin, ba\u015flang\u0131c\u0131 ve biti\u015fi belirli bir s\u00fcre ve s\u0131n\u0131rl\u0131 bir finansman dahilinde, birtak\u0131m kaynaklar kullanarak, m\u00fc\u015fteri memnuniyetini ve kaliteyi g\u00f6z \u00f6n\u00fcnde bulundururken olas\u0131 riskleri y\u00f6netmek \u015fart\u0131yla, tan\u0131mlanm\u0131\u015f bir kapsama uygun ama\u00e7 ve hedefler do\u011frultusunda \u00f6zg\u00fcn bir plan\u0131 ba\u015flatma, y\u00fcr\u00fctme, kontrol [&hellip;]<\/p>\n","protected":false},"author":1,"featured_media":0,"parent":0,"menu_order":0,"comment_status":"closed","ping_status":"closed","template":"template\/template-homepage.php","meta":{"rs_blank_template":"","rs_page_bg_color":"","slide_template_v7":"","footnotes":""},"class_list":["post-16650","page","type-page","status-publish","hentry"],"yoast_head":"<!-- This site is optimized with the Yoast SEO Premium plugin v27.4 (Yoast SEO v27.6) - https:\/\/yoast.com\/product\/yoast-seo-premium-wordpress\/ -->\n<title>PROJELER - dervisbey gayrimenkul EV SAT KURUMSAL H\u0130ZMETLER\u0130M\u0130Z SATILIK K\u0130RALIK PROJELER \u0130LET\u0130\u015e\u0130M ALSAT ALIMSATIM EVSAT ARSASAT DA\u0130RESAT SATI\u015e G\u00d6\u00c7 V\u0130ZE PASAPORT B\u0130LET YERLES\u0130M YER\u0130 \u0130KAMETGAH EMLAK EV KONUT GAYR\u0130MENKUL DA\u0130RE DEVREM\u00dcLK EMLAK OF\u0130S\u0130 YAPI \u0130N\u015eAAT DEKORASYON TAPU OF\u0130S V\u0130LLA M\u00dcSTAK\u0130L EV B\u0130NA PROJELER TUR\u0130ST\u0130K TES\u0130S ARAZ\u0130 ARSA TARLA KAT KAR\u015eILI\u011eI ARSA DEVREN \u0130\u015e YER\u0130 YABANCI EV SATI\u015eI B\u0130TCO\u0130N AKB\u0130LCO\u0130N B\u0130ZE U\u011eRAMADAN EV ALMAYIN... DERV\u0130\u015eBEY GAYR\u0130MENKUL Ev , Villa , Konut , Studio Daire , Arsa , Tarla , Yazl\u0131k , Bina , Fabrika, \u0130\u015fyeri , Al\u0131m Sat\u0131m ve Kiralama hizmetleri vermektedir. PROJELER<\/title>\n<meta name=\"description\" content=\"PROJELER\" \/>\n<meta name=\"robots\" content=\"index, follow, max-snippet:-1, max-image-preview:large, max-video-preview:-1\" \/>\n<link rel=\"canonical\" href=\"https:\/\/dervisbeygayrimenkul.com\/index.php\/projeler\/\" \/>\n<meta property=\"og:locale\" content=\"tr_TR\" \/>\n<meta property=\"og:type\" content=\"article\" \/>\n<meta property=\"og:title\" content=\"PROJELER\" \/>\n<meta property=\"og:description\" content=\"PROJELER\" \/>\n<meta property=\"og:url\" content=\"https:\/\/dervisbeygayrimenkul.com\/index.php\/projeler\/\" \/>\n<meta property=\"og:site_name\" content=\"dervisbey gayrimenkul EV SAT KURUMSAL H\u0130ZMETLER\u0130M\u0130Z SATILIK K\u0130RALIK PROJELER \u0130LET\u0130\u015e\u0130M ALSAT ALIMSATIM EVSAT ARSASAT DA\u0130RESAT SATI\u015e G\u00d6\u00c7 V\u0130ZE PASAPORT B\u0130LET YERLES\u0130M YER\u0130 \u0130KAMETGAH EMLAK EV KONUT GAYR\u0130MENKUL DA\u0130RE DEVREM\u00dcLK EMLAK OF\u0130S\u0130 YAPI \u0130N\u015eAAT DEKORASYON TAPU OF\u0130S V\u0130LLA M\u00dcSTAK\u0130L EV B\u0130NA PROJELER TUR\u0130ST\u0130K TES\u0130S ARAZ\u0130 ARSA TARLA KAT KAR\u015eILI\u011eI ARSA DEVREN \u0130\u015e YER\u0130 YABANCI EV SATI\u015eI B\u0130TCO\u0130N AKB\u0130LCO\u0130N B\u0130ZE U\u011eRAMADAN EV ALMAYIN... DERV\u0130\u015eBEY GAYR\u0130MENKUL Ev , Villa , Konut , Studio Daire , Arsa , Tarla , Yazl\u0131k , Bina , Fabrika, \u0130\u015fyeri , Al\u0131m Sat\u0131m ve Kiralama hizmetleri vermektedir.\" \/>\n<meta property=\"article:modified_time\" content=\"2024-07-17T11:41:02+00:00\" \/>\n<meta name=\"twitter:card\" content=\"summary_large_image\" \/>\n<meta name=\"twitter:label1\" content=\"Tahmini okuma s\u00fcresi\" \/>\n\t<meta name=\"twitter:data1\" content=\"2 dakika\" \/>\n<script type=\"application\/ld+json\" class=\"yoast-schema-graph\">{\"@context\":\"https:\\\/\\\/schema.org\",\"@graph\":[{\"@type\":\"WebPage\",\"@id\":\"https:\\\/\\\/dervisbeygayrimenkul.com\\\/index.php\\\/projeler\\\/\",\"url\":\"https:\\\/\\\/dervisbeygayrimenkul.com\\\/index.php\\\/projeler\\\/\",\"name\":\"PROJELER - dervisbey gayrimenkul EV SAT KURUMSAL H\u0130ZMETLER\u0130M\u0130Z SATILIK K\u0130RALIK PROJELER \u0130LET\u0130\u015e\u0130M ALSAT ALIMSATIM EVSAT ARSASAT DA\u0130RESAT SATI\u015e G\u00d6\u00c7 V\u0130ZE PASAPORT B\u0130LET YERLES\u0130M YER\u0130 \u0130KAMETGAH EMLAK EV KONUT GAYR\u0130MENKUL DA\u0130RE DEVREM\u00dcLK EMLAK OF\u0130S\u0130 YAPI \u0130N\u015eAAT DEKORASYON TAPU OF\u0130S V\u0130LLA M\u00dcSTAK\u0130L EV B\u0130NA PROJELER TUR\u0130ST\u0130K TES\u0130S ARAZ\u0130 ARSA TARLA KAT KAR\u015eILI\u011eI ARSA DEVREN \u0130\u015e YER\u0130 YABANCI EV SATI\u015eI B\u0130TCO\u0130N AKB\u0130LCO\u0130N B\u0130ZE U\u011eRAMADAN EV ALMAYIN... DERV\u0130\u015eBEY GAYR\u0130MENKUL Ev , Villa , Konut , Studio Daire , Arsa , Tarla , Yazl\u0131k , Bina , Fabrika, \u0130\u015fyeri , Al\u0131m Sat\u0131m ve Kiralama hizmetleri vermektedir. PROJELER\",\"isPartOf\":{\"@id\":\"https:\\\/\\\/dervisbeygayrimenkul.com\\\/#website\"},\"datePublished\":\"2020-02-24T22:15:15+00:00\",\"dateModified\":\"2024-07-17T11:41:02+00:00\",\"description\":\"PROJELER\",\"breadcrumb\":{\"@id\":\"https:\\\/\\\/dervisbeygayrimenkul.com\\\/index.php\\\/projeler\\\/#breadcrumb\"},\"inLanguage\":\"tr\",\"potentialAction\":[{\"@type\":\"ReadAction\",\"target\":[\"https:\\\/\\\/dervisbeygayrimenkul.com\\\/index.php\\\/projeler\\\/\"]}]},{\"@type\":\"BreadcrumbList\",\"@id\":\"https:\\\/\\\/dervisbeygayrimenkul.com\\\/index.php\\\/projeler\\\/#breadcrumb\",\"itemListElement\":[{\"@type\":\"ListItem\",\"position\":1,\"name\":\"Anasayfa\",\"item\":\"https:\\\/\\\/dervisbeygayrimenkul.com\\\/\"},{\"@type\":\"ListItem\",\"position\":2,\"name\":\"PROJELER\"}]},{\"@type\":\"WebSite\",\"@id\":\"https:\\\/\\\/dervisbeygayrimenkul.com\\\/#website\",\"url\":\"https:\\\/\\\/dervisbeygayrimenkul.com\\\/\",\"name\":\"https:\\\/\\\/dervisbeygayrimenkul.com\",\"description\":\"dervisbey gayrimenkul EV SAT KURUMSAL H\u0130ZMETLER\u0130M\u0130Z SATILIK  K\u0130RALIK PROJELER \u0130LET\u0130\u015e\u0130M ALSAT ALIMSATIM  EVSAT ARSASAT DA\u0130RESAT SATI\u015e G\u00d6\u00c7 V\u0130ZE  PASAPORT B\u0130LET YERLES\u0130M YER\u0130 \u0130KAMETGAH  EMLAK EV KONUT GAYR\u0130MENKUL DA\u0130RE DEVREM\u00dcLK  EMLAK OF\u0130S\u0130 YAPI \u0130N\u015eAAT DEKORASYON  TAPU OF\u0130S V\u0130LLA M\u00dcSTAK\u0130L EV B\u0130NA PROJELER  TUR\u0130ST\u0130K TES\u0130S ARAZ\u0130 ARSA TARLA  KAT KAR\u015eILI\u011eI ARSA DEVREN \u0130\u015e YER\u0130  YABANCI EV SATI\u015eI B\u0130TCO\u0130N AKB\u0130LCO\u0130N B\u0130ZE U\u011eRAMADAN EV ALMAYIN...  DERV\u0130\u015eBEY GAYR\u0130MENKUL  Ev , Villa ,  Konut , Studio Daire  , Arsa , Tarla , Yazl\u0131k , Bina , Fabrika, \u0130\u015fyeri , Al\u0131m Sat\u0131m  ve Kiralama hizmetleri vermektedir.\",\"publisher\":{\"@id\":\"https:\\\/\\\/dervisbeygayrimenkul.com\\\/#organization\"},\"potentialAction\":[{\"@type\":\"SearchAction\",\"target\":{\"@type\":\"EntryPoint\",\"urlTemplate\":\"https:\\\/\\\/dervisbeygayrimenkul.com\\\/?s={search_term_string}\"},\"query-input\":{\"@type\":\"PropertyValueSpecification\",\"valueRequired\":true,\"valueName\":\"search_term_string\"}}],\"inLanguage\":\"tr\"},{\"@type\":\"Organization\",\"@id\":\"https:\\\/\\\/dervisbeygayrimenkul.com\\\/#organization\",\"name\":\"Dervi\u015fbey Gayrimenkul Tel : 02125919191 Gsm : 05303454282\",\"url\":\"https:\\\/\\\/dervisbeygayrimenkul.com\\\/\",\"logo\":{\"@type\":\"ImageObject\",\"inLanguage\":\"tr\",\"@id\":\"https:\\\/\\\/dervisbeygayrimenkul.com\\\/#\\\/schema\\\/logo\\\/image\\\/\",\"url\":\"https:\\\/\\\/dervisbeygayrimenkul.com\\\/wp-content\\\/uploads\\\/2024\\\/03\\\/dervisbey.png\",\"contentUrl\":\"https:\\\/\\\/dervisbeygayrimenkul.com\\\/wp-content\\\/uploads\\\/2024\\\/03\\\/dervisbey.png\",\"width\":505,\"height\":183,\"caption\":\"Dervi\u015fbey Gayrimenkul Tel : 02125919191 Gsm : 05303454282\"},\"image\":{\"@id\":\"https:\\\/\\\/dervisbeygayrimenkul.com\\\/#\\\/schema\\\/logo\\\/image\\\/\"}}]}<\/script>\n<!-- \/ Yoast SEO Premium plugin. -->","yoast_head_json":{"title":"PROJELER - dervisbey gayrimenkul EV SAT KURUMSAL H\u0130ZMETLER\u0130M\u0130Z SATILIK K\u0130RALIK PROJELER \u0130LET\u0130\u015e\u0130M ALSAT ALIMSATIM EVSAT ARSASAT DA\u0130RESAT SATI\u015e G\u00d6\u00c7 V\u0130ZE PASAPORT B\u0130LET YERLES\u0130M YER\u0130 \u0130KAMETGAH EMLAK EV KONUT GAYR\u0130MENKUL DA\u0130RE DEVREM\u00dcLK EMLAK OF\u0130S\u0130 YAPI \u0130N\u015eAAT DEKORASYON TAPU OF\u0130S V\u0130LLA M\u00dcSTAK\u0130L EV B\u0130NA PROJELER TUR\u0130ST\u0130K TES\u0130S ARAZ\u0130 ARSA TARLA KAT KAR\u015eILI\u011eI ARSA DEVREN \u0130\u015e YER\u0130 YABANCI EV SATI\u015eI B\u0130TCO\u0130N AKB\u0130LCO\u0130N B\u0130ZE U\u011eRAMADAN EV ALMAYIN... DERV\u0130\u015eBEY GAYR\u0130MENKUL Ev , Villa , Konut , Studio Daire , Arsa , Tarla , Yazl\u0131k , Bina , Fabrika, \u0130\u015fyeri , Al\u0131m Sat\u0131m ve Kiralama hizmetleri vermektedir. PROJELER","description":"PROJELER","robots":{"index":"index","follow":"follow","max-snippet":"max-snippet:-1","max-image-preview":"max-image-preview:large","max-video-preview":"max-video-preview:-1"},"canonical":"https:\/\/dervisbeygayrimenkul.com\/index.php\/projeler\/","og_locale":"tr_TR","og_type":"article","og_title":"PROJELER","og_description":"PROJELER","og_url":"https:\/\/dervisbeygayrimenkul.com\/index.php\/projeler\/","og_site_name":"dervisbey gayrimenkul EV SAT KURUMSAL H\u0130ZMETLER\u0130M\u0130Z SATILIK K\u0130RALIK PROJELER \u0130LET\u0130\u015e\u0130M ALSAT ALIMSATIM EVSAT ARSASAT DA\u0130RESAT SATI\u015e G\u00d6\u00c7 V\u0130ZE PASAPORT B\u0130LET YERLES\u0130M YER\u0130 \u0130KAMETGAH EMLAK EV KONUT GAYR\u0130MENKUL DA\u0130RE DEVREM\u00dcLK EMLAK OF\u0130S\u0130 YAPI \u0130N\u015eAAT DEKORASYON TAPU OF\u0130S V\u0130LLA M\u00dcSTAK\u0130L EV B\u0130NA PROJELER TUR\u0130ST\u0130K TES\u0130S ARAZ\u0130 ARSA TARLA KAT KAR\u015eILI\u011eI ARSA DEVREN \u0130\u015e YER\u0130 YABANCI EV SATI\u015eI B\u0130TCO\u0130N AKB\u0130LCO\u0130N B\u0130ZE U\u011eRAMADAN EV ALMAYIN... DERV\u0130\u015eBEY GAYR\u0130MENKUL Ev , Villa , Konut , Studio Daire , Arsa , Tarla , Yazl\u0131k , Bina , Fabrika, \u0130\u015fyeri , Al\u0131m Sat\u0131m ve Kiralama hizmetleri vermektedir.","article_modified_time":"2024-07-17T11:41:02+00:00","twitter_card":"summary_large_image","twitter_misc":{"Tahmini okuma s\u00fcresi":"2 dakika"},"schema":{"@context":"https:\/\/schema.org","@graph":[{"@type":"WebPage","@id":"https:\/\/dervisbeygayrimenkul.com\/index.php\/projeler\/","url":"https:\/\/dervisbeygayrimenkul.com\/index.php\/projeler\/","name":"PROJELER - dervisbey gayrimenkul EV SAT KURUMSAL H\u0130ZMETLER\u0130M\u0130Z SATILIK K\u0130RALIK PROJELER \u0130LET\u0130\u015e\u0130M ALSAT ALIMSATIM EVSAT ARSASAT DA\u0130RESAT SATI\u015e G\u00d6\u00c7 V\u0130ZE PASAPORT B\u0130LET YERLES\u0130M YER\u0130 \u0130KAMETGAH EMLAK EV KONUT GAYR\u0130MENKUL DA\u0130RE DEVREM\u00dcLK EMLAK OF\u0130S\u0130 YAPI \u0130N\u015eAAT DEKORASYON TAPU OF\u0130S V\u0130LLA M\u00dcSTAK\u0130L EV B\u0130NA PROJELER TUR\u0130ST\u0130K TES\u0130S ARAZ\u0130 ARSA TARLA KAT KAR\u015eILI\u011eI ARSA DEVREN \u0130\u015e YER\u0130 YABANCI EV SATI\u015eI B\u0130TCO\u0130N AKB\u0130LCO\u0130N B\u0130ZE U\u011eRAMADAN EV ALMAYIN... DERV\u0130\u015eBEY GAYR\u0130MENKUL Ev , Villa , Konut , Studio Daire , Arsa , Tarla , Yazl\u0131k , Bina , Fabrika, \u0130\u015fyeri , Al\u0131m Sat\u0131m ve Kiralama hizmetleri vermektedir. PROJELER","isPartOf":{"@id":"https:\/\/dervisbeygayrimenkul.com\/#website"},"datePublished":"2020-02-24T22:15:15+00:00","dateModified":"2024-07-17T11:41:02+00:00","description":"PROJELER","breadcrumb":{"@id":"https:\/\/dervisbeygayrimenkul.com\/index.php\/projeler\/#breadcrumb"},"inLanguage":"tr","potentialAction":[{"@type":"ReadAction","target":["https:\/\/dervisbeygayrimenkul.com\/index.php\/projeler\/"]}]},{"@type":"BreadcrumbList","@id":"https:\/\/dervisbeygayrimenkul.com\/index.php\/projeler\/#breadcrumb","itemListElement":[{"@type":"ListItem","position":1,"name":"Anasayfa","item":"https:\/\/dervisbeygayrimenkul.com\/"},{"@type":"ListItem","position":2,"name":"PROJELER"}]},{"@type":"WebSite","@id":"https:\/\/dervisbeygayrimenkul.com\/#website","url":"https:\/\/dervisbeygayrimenkul.com\/","name":"https:\/\/dervisbeygayrimenkul.com","description":"dervisbey gayrimenkul EV SAT KURUMSAL H\u0130ZMETLER\u0130M\u0130Z SATILIK  K\u0130RALIK PROJELER \u0130LET\u0130\u015e\u0130M ALSAT ALIMSATIM  EVSAT ARSASAT DA\u0130RESAT SATI\u015e G\u00d6\u00c7 V\u0130ZE  PASAPORT B\u0130LET YERLES\u0130M YER\u0130 \u0130KAMETGAH  EMLAK EV KONUT GAYR\u0130MENKUL DA\u0130RE DEVREM\u00dcLK  EMLAK OF\u0130S\u0130 YAPI \u0130N\u015eAAT DEKORASYON  TAPU OF\u0130S V\u0130LLA M\u00dcSTAK\u0130L EV B\u0130NA PROJELER  TUR\u0130ST\u0130K TES\u0130S ARAZ\u0130 ARSA TARLA  KAT KAR\u015eILI\u011eI ARSA DEVREN \u0130\u015e YER\u0130  YABANCI EV SATI\u015eI B\u0130TCO\u0130N AKB\u0130LCO\u0130N B\u0130ZE U\u011eRAMADAN EV ALMAYIN...  DERV\u0130\u015eBEY GAYR\u0130MENKUL  Ev , Villa ,  Konut , Studio Daire  , Arsa , Tarla , Yazl\u0131k , Bina , Fabrika, \u0130\u015fyeri , Al\u0131m Sat\u0131m  ve Kiralama hizmetleri vermektedir.","publisher":{"@id":"https:\/\/dervisbeygayrimenkul.com\/#organization"},"potentialAction":[{"@type":"SearchAction","target":{"@type":"EntryPoint","urlTemplate":"https:\/\/dervisbeygayrimenkul.com\/?s={search_term_string}"},"query-input":{"@type":"PropertyValueSpecification","valueRequired":true,"valueName":"search_term_string"}}],"inLanguage":"tr"},{"@type":"Organization","@id":"https:\/\/dervisbeygayrimenkul.com\/#organization","name":"Dervi\u015fbey Gayrimenkul Tel : 02125919191 Gsm : 05303454282","url":"https:\/\/dervisbeygayrimenkul.com\/","logo":{"@type":"ImageObject","inLanguage":"tr","@id":"https:\/\/dervisbeygayrimenkul.com\/#\/schema\/logo\/image\/","url":"https:\/\/dervisbeygayrimenkul.com\/wp-content\/uploads\/2024\/03\/dervisbey.png","contentUrl":"https:\/\/dervisbeygayrimenkul.com\/wp-content\/uploads\/2024\/03\/dervisbey.png","width":505,"height":183,"caption":"Dervi\u015fbey Gayrimenkul Tel : 02125919191 Gsm : 05303454282"},"image":{"@id":"https:\/\/dervisbeygayrimenkul.com\/#\/schema\/logo\/image\/"}}]}},"_hostinger_reach_plugin_has_subscription_block":false,"_hostinger_reach_plugin_is_elementor":false,"_links":{"self":[{"href":"https:\/\/dervisbeygayrimenkul.com\/index.php\/wp-json\/wp\/v2\/pages\/16650","targetHints":{"allow":["GET"]}}],"collection":[{"href":"https:\/\/dervisbeygayrimenkul.com\/index.php\/wp-json\/wp\/v2\/pages"}],"about":[{"href":"https:\/\/dervisbeygayrimenkul.com\/index.php\/wp-json\/wp\/v2\/types\/page"}],"author":[{"embeddable":true,"href":"https:\/\/dervisbeygayrimenkul.com\/index.php\/wp-json\/wp\/v2\/users\/1"}],"replies":[{"embeddable":true,"href":"https:\/\/dervisbeygayrimenkul.com\/index.php\/wp-json\/wp\/v2\/comments?post=16650"}],"version-history":[{"count":11,"href":"https:\/\/dervisbeygayrimenkul.com\/index.php\/wp-json\/wp\/v2\/pages\/16650\/revisions"}],"predecessor-version":[{"id":17690,"href":"https:\/\/dervisbeygayrimenkul.com\/index.php\/wp-json\/wp\/v2\/pages\/16650\/revisions\/17690"}],"wp:attachment":[{"href":"https:\/\/dervisbeygayrimenkul.com\/index.php\/wp-json\/wp\/v2\/media?parent=16650"}],"curies":[{"name":"wp","href":"https:\/\/api.w.org\/{rel}","templated":true}]}}