{"id":17698,"date":"2024-07-17T11:48:04","date_gmt":"2024-07-17T11:48:04","guid":{"rendered":"https:\/\/dervisbeygayrimenkul.com\/?page_id=17698"},"modified":"2024-07-17T11:52:00","modified_gmt":"2024-07-17T11:52:00","slug":"kiralik","status":"publish","type":"page","link":"https:\/\/dervisbeygayrimenkul.com\/index.php\/kiralik\/","title":{"rendered":"K\u0130RALIK"},"content":{"rendered":"\n<div data-align-buttons=\"false\" data-block-name=\"woocommerce\/all-products\" data-columns=\"3\" data-content-visibility=\"{&quot;orderBy&quot;:true}\" data-layout-config=\"[[&quot;woocommerce\\\/product-image&quot;,{&quot;imageSizing&quot;:&quot;thumbnail&quot;}],[&quot;woocommerce\\\/product-title&quot;],[&quot;woocommerce\\\/product-price&quot;],[&quot;woocommerce\\\/product-rating&quot;],[&quot;woocommerce\\\/product-button&quot;]]\" data-orderby=\"date\" data-rows=\"3\" class=\"wp-block-woocommerce-all-products wc-block-all-products\" data-attributes=\"{&quot;alignButtons&quot;:false,&quot;columns&quot;:3,&quot;contentVisibility&quot;:{&quot;orderBy&quot;:true},&quot;isPreview&quot;:false,&quot;layoutConfig&quot;:[[&quot;woocommerce\/product-image&quot;,{&quot;imageSizing&quot;:&quot;thumbnail&quot;}],[&quot;woocommerce\/product-title&quot;],[&quot;woocommerce\/product-price&quot;],[&quot;woocommerce\/product-rating&quot;],[&quot;woocommerce\/product-button&quot;]],&quot;orderby&quot;:&quot;date&quot;,&quot;rows&quot;:3}\"><\/div>\n","protected":false},"excerpt":{"rendered":"","protected":false},"author":1,"featured_media":0,"parent":0,"menu_order":0,"comment_status":"closed","ping_status":"closed","template":"","meta":{"rs_blank_template":"","rs_page_bg_color":"","slide_template_v7":"","_monsterinsights_skip_tracking":false,"_monsterinsights_sitenote_active":false,"_monsterinsights_sitenote_note":"","_monsterinsights_sitenote_category":0,"footnotes":""},"class_list":["post-17698","page","type-page","status-publish","hentry"],"yoast_head":"<!-- This site is optimized with the Yoast SEO Premium plugin v27.2 (Yoast SEO v27.2) - https:\/\/yoast.com\/product\/yoast-seo-premium-wordpress\/ -->\n<title>K\u0130RALIK - dervisbey gayrimenkul EV SAT KURUMSAL H\u0130ZMETLER\u0130M\u0130Z SATILIK K\u0130RALIK PROJELER \u0130LET\u0130\u015e\u0130M ALSAT ALIMSATIM EVSAT ARSASAT DA\u0130RESAT SATI\u015e G\u00d6\u00c7 V\u0130ZE PASAPORT B\u0130LET YERLES\u0130M YER\u0130 \u0130KAMETGAH EMLAK EV KONUT GAYR\u0130MENKUL DA\u0130RE DEVREM\u00dcLK EMLAK OF\u0130S\u0130 YAPI \u0130N\u015eAAT DEKORASYON TAPU OF\u0130S V\u0130LLA M\u00dcSTAK\u0130L EV B\u0130NA PROJELER TUR\u0130ST\u0130K TES\u0130S ARAZ\u0130 ARSA TARLA KAT KAR\u015eILI\u011eI ARSA DEVREN \u0130\u015e YER\u0130 YABANCI EV SATI\u015eI B\u0130TCO\u0130N AKB\u0130LCO\u0130N B\u0130ZE U\u011eRAMADAN EV ALMAYIN... DERV\u0130\u015eBEY GAYR\u0130MENKUL Ev , Villa , Konut , Studio Daire , Arsa , Tarla , Yazl\u0131k , Bina , Fabrika, \u0130\u015fyeri , Al\u0131m Sat\u0131m ve Kiralama hizmetleri vermektedir. K\u0130RALIK<\/title>\n<meta name=\"description\" content=\"K\u0130RALIK\" \/>\n<meta name=\"robots\" content=\"index, follow, max-snippet:-1, max-image-preview:large, max-video-preview:-1\" \/>\n<link rel=\"canonical\" href=\"https:\/\/dervisbeygayrimenkul.com\/index.php\/kiralik\/\" \/>\n<meta property=\"og:locale\" content=\"tr_TR\" \/>\n<meta property=\"og:type\" content=\"article\" \/>\n<meta property=\"og:title\" content=\"K\u0130RALIK\" \/>\n<meta property=\"og:description\" content=\"K\u0130RALIK\" \/>\n<meta property=\"og:url\" content=\"https:\/\/dervisbeygayrimenkul.com\/index.php\/kiralik\/\" \/>\n<meta property=\"og:site_name\" content=\"dervisbey gayrimenkul EV SAT KURUMSAL H\u0130ZMETLER\u0130M\u0130Z SATILIK K\u0130RALIK PROJELER \u0130LET\u0130\u015e\u0130M ALSAT ALIMSATIM EVSAT ARSASAT DA\u0130RESAT SATI\u015e G\u00d6\u00c7 V\u0130ZE PASAPORT B\u0130LET YERLES\u0130M YER\u0130 \u0130KAMETGAH EMLAK EV KONUT GAYR\u0130MENKUL DA\u0130RE DEVREM\u00dcLK EMLAK OF\u0130S\u0130 YAPI \u0130N\u015eAAT DEKORASYON TAPU OF\u0130S V\u0130LLA M\u00dcSTAK\u0130L EV B\u0130NA PROJELER TUR\u0130ST\u0130K TES\u0130S ARAZ\u0130 ARSA TARLA KAT KAR\u015eILI\u011eI ARSA DEVREN \u0130\u015e YER\u0130 YABANCI EV SATI\u015eI B\u0130TCO\u0130N AKB\u0130LCO\u0130N B\u0130ZE U\u011eRAMADAN EV ALMAYIN... DERV\u0130\u015eBEY GAYR\u0130MENKUL Ev , Villa , Konut , Studio Daire , Arsa , Tarla , Yazl\u0131k , Bina , Fabrika, \u0130\u015fyeri , Al\u0131m Sat\u0131m ve Kiralama hizmetleri vermektedir.\" \/>\n<meta property=\"article:modified_time\" content=\"2024-07-17T11:52:00+00:00\" \/>\n<meta name=\"twitter:card\" content=\"summary_large_image\" \/>\n<script type=\"application\/ld+json\" class=\"yoast-schema-graph\">{\"@context\":\"https:\/\/schema.org\",\"@graph\":[{\"@type\":\"WebPage\",\"@id\":\"https:\/\/dervisbeygayrimenkul.com\/index.php\/kiralik\/\",\"url\":\"https:\/\/dervisbeygayrimenkul.com\/index.php\/kiralik\/\",\"name\":\"K\u0130RALIK - dervisbey gayrimenkul EV SAT KURUMSAL H\u0130ZMETLER\u0130M\u0130Z SATILIK K\u0130RALIK PROJELER \u0130LET\u0130\u015e\u0130M ALSAT ALIMSATIM EVSAT ARSASAT DA\u0130RESAT SATI\u015e G\u00d6\u00c7 V\u0130ZE PASAPORT B\u0130LET YERLES\u0130M YER\u0130 \u0130KAMETGAH EMLAK EV KONUT GAYR\u0130MENKUL DA\u0130RE DEVREM\u00dcLK EMLAK OF\u0130S\u0130 YAPI \u0130N\u015eAAT DEKORASYON TAPU OF\u0130S V\u0130LLA M\u00dcSTAK\u0130L EV B\u0130NA PROJELER TUR\u0130ST\u0130K TES\u0130S ARAZ\u0130 ARSA TARLA KAT KAR\u015eILI\u011eI ARSA DEVREN \u0130\u015e YER\u0130 YABANCI EV SATI\u015eI B\u0130TCO\u0130N AKB\u0130LCO\u0130N B\u0130ZE U\u011eRAMADAN EV ALMAYIN... DERV\u0130\u015eBEY GAYR\u0130MENKUL Ev , Villa , Konut , Studio Daire , Arsa , Tarla , Yazl\u0131k , Bina , Fabrika, \u0130\u015fyeri , Al\u0131m Sat\u0131m ve Kiralama hizmetleri vermektedir. K\u0130RALIK\",\"isPartOf\":{\"@id\":\"https:\/\/dervisbeygayrimenkul.com\/#website\"},\"datePublished\":\"2024-07-17T11:48:04+00:00\",\"dateModified\":\"2024-07-17T11:52:00+00:00\",\"description\":\"K\u0130RALIK\",\"breadcrumb\":{\"@id\":\"https:\/\/dervisbeygayrimenkul.com\/index.php\/kiralik\/#breadcrumb\"},\"inLanguage\":\"tr\",\"potentialAction\":[{\"@type\":\"ReadAction\",\"target\":[\"https:\/\/dervisbeygayrimenkul.com\/index.php\/kiralik\/\"]}]},{\"@type\":\"BreadcrumbList\",\"@id\":\"https:\/\/dervisbeygayrimenkul.com\/index.php\/kiralik\/#breadcrumb\",\"itemListElement\":[{\"@type\":\"ListItem\",\"position\":1,\"name\":\"Anasayfa\",\"item\":\"https:\/\/dervisbeygayrimenkul.com\/\"},{\"@type\":\"ListItem\",\"position\":2,\"name\":\"K\u0130RALIK\"}]},{\"@type\":\"WebSite\",\"@id\":\"https:\/\/dervisbeygayrimenkul.com\/#website\",\"url\":\"https:\/\/dervisbeygayrimenkul.com\/\",\"name\":\"https:\/\/dervisbeygayrimenkul.com\",\"description\":\"dervisbey gayrimenkul EV SAT KURUMSAL H\u0130ZMETLER\u0130M\u0130Z SATILIK  K\u0130RALIK PROJELER \u0130LET\u0130\u015e\u0130M ALSAT ALIMSATIM  EVSAT ARSASAT DA\u0130RESAT SATI\u015e G\u00d6\u00c7 V\u0130ZE  PASAPORT B\u0130LET YERLES\u0130M YER\u0130 \u0130KAMETGAH  EMLAK EV KONUT GAYR\u0130MENKUL DA\u0130RE DEVREM\u00dcLK  EMLAK OF\u0130S\u0130 YAPI \u0130N\u015eAAT DEKORASYON  TAPU OF\u0130S V\u0130LLA M\u00dcSTAK\u0130L EV B\u0130NA PROJELER  TUR\u0130ST\u0130K TES\u0130S ARAZ\u0130 ARSA TARLA  KAT KAR\u015eILI\u011eI ARSA DEVREN \u0130\u015e YER\u0130  YABANCI EV SATI\u015eI B\u0130TCO\u0130N AKB\u0130LCO\u0130N B\u0130ZE U\u011eRAMADAN EV ALMAYIN...  DERV\u0130\u015eBEY GAYR\u0130MENKUL  Ev , Villa ,  Konut , Studio Daire  , Arsa , Tarla , Yazl\u0131k , Bina , Fabrika, \u0130\u015fyeri , Al\u0131m Sat\u0131m  ve Kiralama hizmetleri vermektedir.\",\"publisher\":{\"@id\":\"https:\/\/dervisbeygayrimenkul.com\/#organization\"},\"potentialAction\":[{\"@type\":\"SearchAction\",\"target\":{\"@type\":\"EntryPoint\",\"urlTemplate\":\"https:\/\/dervisbeygayrimenkul.com\/?s={search_term_string}\"},\"query-input\":{\"@type\":\"PropertyValueSpecification\",\"valueRequired\":true,\"valueName\":\"search_term_string\"}}],\"inLanguage\":\"tr\"},{\"@type\":\"Organization\",\"@id\":\"https:\/\/dervisbeygayrimenkul.com\/#organization\",\"name\":\"Dervi\u015fbey Gayrimenkul Tel : 02125919191 Gsm : 05303454282\",\"url\":\"https:\/\/dervisbeygayrimenkul.com\/\",\"logo\":{\"@type\":\"ImageObject\",\"inLanguage\":\"tr\",\"@id\":\"https:\/\/dervisbeygayrimenkul.com\/#\/schema\/logo\/image\/\",\"url\":\"https:\/\/dervisbeygayrimenkul.com\/wp-content\/uploads\/2024\/03\/dervisbey.png\",\"contentUrl\":\"https:\/\/dervisbeygayrimenkul.com\/wp-content\/uploads\/2024\/03\/dervisbey.png\",\"width\":505,\"height\":183,\"caption\":\"Dervi\u015fbey Gayrimenkul Tel : 02125919191 Gsm : 05303454282\"},\"image\":{\"@id\":\"https:\/\/dervisbeygayrimenkul.com\/#\/schema\/logo\/image\/\"}}]}<\/script>\n<!-- \/ Yoast SEO Premium plugin. -->","yoast_head_json":{"title":"K\u0130RALIK - dervisbey gayrimenkul EV SAT KURUMSAL H\u0130ZMETLER\u0130M\u0130Z SATILIK K\u0130RALIK PROJELER \u0130LET\u0130\u015e\u0130M ALSAT ALIMSATIM EVSAT ARSASAT DA\u0130RESAT SATI\u015e G\u00d6\u00c7 V\u0130ZE PASAPORT B\u0130LET YERLES\u0130M YER\u0130 \u0130KAMETGAH EMLAK EV KONUT GAYR\u0130MENKUL DA\u0130RE DEVREM\u00dcLK EMLAK OF\u0130S\u0130 YAPI \u0130N\u015eAAT DEKORASYON TAPU OF\u0130S V\u0130LLA M\u00dcSTAK\u0130L EV B\u0130NA PROJELER TUR\u0130ST\u0130K TES\u0130S ARAZ\u0130 ARSA TARLA KAT KAR\u015eILI\u011eI ARSA DEVREN \u0130\u015e YER\u0130 YABANCI EV SATI\u015eI B\u0130TCO\u0130N AKB\u0130LCO\u0130N B\u0130ZE U\u011eRAMADAN EV ALMAYIN... DERV\u0130\u015eBEY GAYR\u0130MENKUL Ev , Villa , Konut , Studio Daire , Arsa , Tarla , Yazl\u0131k , Bina , Fabrika, \u0130\u015fyeri , Al\u0131m Sat\u0131m ve Kiralama hizmetleri vermektedir. K\u0130RALIK","description":"K\u0130RALIK","robots":{"index":"index","follow":"follow","max-snippet":"max-snippet:-1","max-image-preview":"max-image-preview:large","max-video-preview":"max-video-preview:-1"},"canonical":"https:\/\/dervisbeygayrimenkul.com\/index.php\/kiralik\/","og_locale":"tr_TR","og_type":"article","og_title":"K\u0130RALIK","og_description":"K\u0130RALIK","og_url":"https:\/\/dervisbeygayrimenkul.com\/index.php\/kiralik\/","og_site_name":"dervisbey gayrimenkul EV SAT KURUMSAL H\u0130ZMETLER\u0130M\u0130Z SATILIK K\u0130RALIK PROJELER \u0130LET\u0130\u015e\u0130M ALSAT ALIMSATIM EVSAT ARSASAT DA\u0130RESAT SATI\u015e G\u00d6\u00c7 V\u0130ZE PASAPORT B\u0130LET YERLES\u0130M YER\u0130 \u0130KAMETGAH EMLAK EV KONUT GAYR\u0130MENKUL DA\u0130RE DEVREM\u00dcLK EMLAK OF\u0130S\u0130 YAPI \u0130N\u015eAAT DEKORASYON TAPU OF\u0130S V\u0130LLA M\u00dcSTAK\u0130L EV B\u0130NA PROJELER TUR\u0130ST\u0130K TES\u0130S ARAZ\u0130 ARSA TARLA KAT KAR\u015eILI\u011eI ARSA DEVREN \u0130\u015e YER\u0130 YABANCI EV SATI\u015eI B\u0130TCO\u0130N AKB\u0130LCO\u0130N B\u0130ZE U\u011eRAMADAN EV ALMAYIN... DERV\u0130\u015eBEY GAYR\u0130MENKUL Ev , Villa , Konut , Studio Daire , Arsa , Tarla , Yazl\u0131k , Bina , Fabrika, \u0130\u015fyeri , Al\u0131m Sat\u0131m ve Kiralama hizmetleri vermektedir.","article_modified_time":"2024-07-17T11:52:00+00:00","twitter_card":"summary_large_image","schema":{"@context":"https:\/\/schema.org","@graph":[{"@type":"WebPage","@id":"https:\/\/dervisbeygayrimenkul.com\/index.php\/kiralik\/","url":"https:\/\/dervisbeygayrimenkul.com\/index.php\/kiralik\/","name":"K\u0130RALIK - dervisbey gayrimenkul EV SAT KURUMSAL H\u0130ZMETLER\u0130M\u0130Z SATILIK K\u0130RALIK PROJELER \u0130LET\u0130\u015e\u0130M ALSAT ALIMSATIM EVSAT ARSASAT DA\u0130RESAT SATI\u015e G\u00d6\u00c7 V\u0130ZE PASAPORT B\u0130LET YERLES\u0130M YER\u0130 \u0130KAMETGAH EMLAK EV KONUT GAYR\u0130MENKUL DA\u0130RE DEVREM\u00dcLK EMLAK OF\u0130S\u0130 YAPI \u0130N\u015eAAT DEKORASYON TAPU OF\u0130S V\u0130LLA M\u00dcSTAK\u0130L EV B\u0130NA PROJELER TUR\u0130ST\u0130K TES\u0130S ARAZ\u0130 ARSA TARLA KAT KAR\u015eILI\u011eI ARSA DEVREN \u0130\u015e YER\u0130 YABANCI EV SATI\u015eI B\u0130TCO\u0130N AKB\u0130LCO\u0130N B\u0130ZE U\u011eRAMADAN EV ALMAYIN... DERV\u0130\u015eBEY GAYR\u0130MENKUL Ev , Villa , Konut , Studio Daire , Arsa , Tarla , Yazl\u0131k , Bina , Fabrika, \u0130\u015fyeri , Al\u0131m Sat\u0131m ve Kiralama hizmetleri vermektedir. K\u0130RALIK","isPartOf":{"@id":"https:\/\/dervisbeygayrimenkul.com\/#website"},"datePublished":"2024-07-17T11:48:04+00:00","dateModified":"2024-07-17T11:52:00+00:00","description":"K\u0130RALIK","breadcrumb":{"@id":"https:\/\/dervisbeygayrimenkul.com\/index.php\/kiralik\/#breadcrumb"},"inLanguage":"tr","potentialAction":[{"@type":"ReadAction","target":["https:\/\/dervisbeygayrimenkul.com\/index.php\/kiralik\/"]}]},{"@type":"BreadcrumbList","@id":"https:\/\/dervisbeygayrimenkul.com\/index.php\/kiralik\/#breadcrumb","itemListElement":[{"@type":"ListItem","position":1,"name":"Anasayfa","item":"https:\/\/dervisbeygayrimenkul.com\/"},{"@type":"ListItem","position":2,"name":"K\u0130RALIK"}]},{"@type":"WebSite","@id":"https:\/\/dervisbeygayrimenkul.com\/#website","url":"https:\/\/dervisbeygayrimenkul.com\/","name":"https:\/\/dervisbeygayrimenkul.com","description":"dervisbey gayrimenkul EV SAT KURUMSAL H\u0130ZMETLER\u0130M\u0130Z SATILIK  K\u0130RALIK PROJELER \u0130LET\u0130\u015e\u0130M ALSAT ALIMSATIM  EVSAT ARSASAT DA\u0130RESAT SATI\u015e G\u00d6\u00c7 V\u0130ZE  PASAPORT B\u0130LET YERLES\u0130M YER\u0130 \u0130KAMETGAH  EMLAK EV KONUT GAYR\u0130MENKUL DA\u0130RE DEVREM\u00dcLK  EMLAK OF\u0130S\u0130 YAPI \u0130N\u015eAAT DEKORASYON  TAPU OF\u0130S V\u0130LLA M\u00dcSTAK\u0130L EV B\u0130NA PROJELER  TUR\u0130ST\u0130K TES\u0130S ARAZ\u0130 ARSA TARLA  KAT KAR\u015eILI\u011eI ARSA DEVREN \u0130\u015e YER\u0130  YABANCI EV SATI\u015eI B\u0130TCO\u0130N AKB\u0130LCO\u0130N B\u0130ZE U\u011eRAMADAN EV ALMAYIN...  DERV\u0130\u015eBEY GAYR\u0130MENKUL  Ev , Villa ,  Konut , Studio Daire  , Arsa , Tarla , Yazl\u0131k , Bina , Fabrika, \u0130\u015fyeri , Al\u0131m Sat\u0131m  ve Kiralama hizmetleri vermektedir.","publisher":{"@id":"https:\/\/dervisbeygayrimenkul.com\/#organization"},"potentialAction":[{"@type":"SearchAction","target":{"@type":"EntryPoint","urlTemplate":"https:\/\/dervisbeygayrimenkul.com\/?s={search_term_string}"},"query-input":{"@type":"PropertyValueSpecification","valueRequired":true,"valueName":"search_term_string"}}],"inLanguage":"tr"},{"@type":"Organization","@id":"https:\/\/dervisbeygayrimenkul.com\/#organization","name":"Dervi\u015fbey Gayrimenkul Tel : 02125919191 Gsm : 05303454282","url":"https:\/\/dervisbeygayrimenkul.com\/","logo":{"@type":"ImageObject","inLanguage":"tr","@id":"https:\/\/dervisbeygayrimenkul.com\/#\/schema\/logo\/image\/","url":"https:\/\/dervisbeygayrimenkul.com\/wp-content\/uploads\/2024\/03\/dervisbey.png","contentUrl":"https:\/\/dervisbeygayrimenkul.com\/wp-content\/uploads\/2024\/03\/dervisbey.png","width":505,"height":183,"caption":"Dervi\u015fbey Gayrimenkul Tel : 02125919191 Gsm : 05303454282"},"image":{"@id":"https:\/\/dervisbeygayrimenkul.com\/#\/schema\/logo\/image\/"}}]}},"_hostinger_reach_plugin_has_subscription_block":false,"_hostinger_reach_plugin_is_elementor":false,"_links":{"self":[{"href":"https:\/\/dervisbeygayrimenkul.com\/index.php\/wp-json\/wp\/v2\/pages\/17698","targetHints":{"allow":["GET"]}}],"collection":[{"href":"https:\/\/dervisbeygayrimenkul.com\/index.php\/wp-json\/wp\/v2\/pages"}],"about":[{"href":"https:\/\/dervisbeygayrimenkul.com\/index.php\/wp-json\/wp\/v2\/types\/page"}],"author":[{"embeddable":true,"href":"https:\/\/dervisbeygayrimenkul.com\/index.php\/wp-json\/wp\/v2\/users\/1"}],"replies":[{"embeddable":true,"href":"https:\/\/dervisbeygayrimenkul.com\/index.php\/wp-json\/wp\/v2\/comments?post=17698"}],"version-history":[{"count":3,"href":"https:\/\/dervisbeygayrimenkul.com\/index.php\/wp-json\/wp\/v2\/pages\/17698\/revisions"}],"predecessor-version":[{"id":17702,"href":"https:\/\/dervisbeygayrimenkul.com\/index.php\/wp-json\/wp\/v2\/pages\/17698\/revisions\/17702"}],"wp:attachment":[{"href":"https:\/\/dervisbeygayrimenkul.com\/index.php\/wp-json\/wp\/v2\/media?parent=17698"}],"curies":[{"name":"wp","href":"https:\/\/api.w.org\/{rel}","templated":true}]}}