{"id":17715,"date":"2024-07-17T12:06:53","date_gmt":"2024-07-17T12:06:53","guid":{"rendered":"https:\/\/dervisbeygayrimenkul.com\/?page_id=17715"},"modified":"2024-07-17T12:27:28","modified_gmt":"2024-07-17T12:27:28","slug":"arsa","status":"publish","type":"page","link":"https:\/\/dervisbeygayrimenkul.com\/index.php\/arsa\/","title":{"rendered":"ARSA"},"content":{"rendered":"\n<p><strong>Arsa<\/strong>,&nbsp;<a href=\"https:\/\/tr.wikipedia.org\/wiki\/Toprak\">toprak<\/a>&nbsp;alan, bo\u015f arazi, yery\u00fcz\u00fc par\u00e7as\u0131d\u0131r.&nbsp;<a href=\"https:\/\/tr.wikipedia.org\/wiki\/K%C3%B6y\">K\u00f6y<\/a>,&nbsp;<a href=\"https:\/\/tr.wikipedia.org\/wiki\/Kasaba\">kasaba<\/a>&nbsp;ve&nbsp;<a href=\"https:\/\/tr.wikipedia.org\/wiki\/Kent\">kent<\/a>&nbsp;s\u0131n\u0131rlar\u0131 i\u00e7indeki toprak par\u00e7alar\u0131na verilen genel isimdir.&nbsp;<a href=\"https:\/\/tr.wikipedia.org\/wiki\/Belediye\">Belediyelerin<\/a>&nbsp;s\u0131n\u0131rlar\u0131 i\u00e7erisinde bulunur ve belediyeler taraf\u0131ndan parsellenir, \u00fczerlerine ta\u015f\u0131nmaz bir&nbsp;<a href=\"https:\/\/tr.wikipedia.org\/wiki\/Emlak\">emlak<\/a>&nbsp;in\u015fa edilebilir. \u0130mar g\u00f6rm\u00fc\u015f&nbsp;<a href=\"https:\/\/tr.wikipedia.org\/wiki\/Tarla\">tarlaya<\/a>&nbsp;(konut arsas\u0131, ticari arsa vs) arsa denir.<sup><a href=\"https:\/\/tr.wikipedia.org\/wiki\/Arsa#cite_note-1\">[1]<\/a><\/sup><\/p>\n\n\n\n<p>M\u00fclkiyet yolu ile tasarruf edilir. Arsa,&nbsp;<a href=\"https:\/\/tr.wikipedia.org\/wiki\/Osmanl%C4%B1_%C4%B0mparatorlu%C4%9Fu\">Osmanl\u0131da<\/a>&nbsp;arazi-i memluke say\u0131l\u0131rd\u0131.&nbsp;<a href=\"https:\/\/tr.wikipedia.org\/wiki\/T%C3%BCrk_Medeni_Kanunu\">T\u00fcrk Medeni Kanunu<\/a>&#8216;na g\u00f6re arazi kavram\u0131 kapsam\u0131na girmektedir.<\/p>\n\n\n\n<p><\/p>\n\n\n\n<p>Arsa neye denir?<\/p>\n\n\n\n<figure class=\"wp-block-image\"><img decoding=\"async\" src=\"https:\/\/encrypted-tbn0.gstatic.com\/images?q=tbn:ANd9GcQJTxod_D7snNRfnevN5jYrpt1QqNR4Zz3v3PeK6lvUOg&amp;s\" alt=\"\u0130marl\u0131 Arsa Nedir?\"\/><\/figure>\n\n\n\n<p><strong>Belediyelerin s\u0131n\u0131rlar\u0131 i\u00e7erisinde bulunan ve belediyeler taraf\u0131ndan parsellenen, \u00fczerlerine ta\u015f\u0131nmaz bir yap\u0131 in\u015fa edilebilen toprak par\u00e7alar\u0131na arsa denir<\/strong>. Bu toprak par\u00e7alar\u0131 imara ve yerle\u015fime a\u00e7\u0131kt\u0131r. Emlak Vergisi Kanunu gere\u011fince her arazinin bir arsa olmad\u0131\u011f\u0131, ancak her arsan\u0131n bir arazi oldu\u011fu kabul edilir.<\/p>\n","protected":false},"excerpt":{"rendered":"<p>Arsa,&nbsp;toprak&nbsp;alan, bo\u015f arazi, yery\u00fcz\u00fc par\u00e7as\u0131d\u0131r.&nbsp;K\u00f6y,&nbsp;kasaba&nbsp;ve&nbsp;kent&nbsp;s\u0131n\u0131rlar\u0131 i\u00e7indeki toprak par\u00e7alar\u0131na verilen genel isimdir.&nbsp;Belediyelerin&nbsp;s\u0131n\u0131rlar\u0131 i\u00e7erisinde bulunur ve belediyeler taraf\u0131ndan parsellenir, \u00fczerlerine ta\u015f\u0131nmaz bir&nbsp;emlak&nbsp;in\u015fa edilebilir. \u0130mar g\u00f6rm\u00fc\u015f&nbsp;tarlaya&nbsp;(konut arsas\u0131, ticari arsa vs) arsa denir.[1] M\u00fclkiyet yolu ile tasarruf edilir. Arsa,&nbsp;Osmanl\u0131da&nbsp;arazi-i memluke say\u0131l\u0131rd\u0131.&nbsp;T\u00fcrk Medeni Kanunu&#8216;na g\u00f6re arazi kavram\u0131 kapsam\u0131na girmektedir. Arsa neye denir? Belediyelerin s\u0131n\u0131rlar\u0131 i\u00e7erisinde bulunan ve belediyeler taraf\u0131ndan parsellenen, [&hellip;]<\/p>\n","protected":false},"author":1,"featured_media":0,"parent":0,"menu_order":0,"comment_status":"closed","ping_status":"closed","template":"","meta":{"rs_blank_template":"","rs_page_bg_color":"","slide_template_v7":"","footnotes":""},"class_list":["post-17715","page","type-page","status-publish","hentry"],"yoast_head":"<!-- This site is optimized with the Yoast SEO Premium plugin v27.4 (Yoast SEO v27.6) - https:\/\/yoast.com\/product\/yoast-seo-premium-wordpress\/ -->\n<title>ARSA - dervisbey gayrimenkul EV SAT KURUMSAL H\u0130ZMETLER\u0130M\u0130Z SATILIK K\u0130RALIK PROJELER \u0130LET\u0130\u015e\u0130M ALSAT ALIMSATIM EVSAT ARSASAT DA\u0130RESAT SATI\u015e G\u00d6\u00c7 V\u0130ZE PASAPORT B\u0130LET YERLES\u0130M YER\u0130 \u0130KAMETGAH EMLAK EV KONUT GAYR\u0130MENKUL DA\u0130RE DEVREM\u00dcLK EMLAK OF\u0130S\u0130 YAPI \u0130N\u015eAAT DEKORASYON TAPU OF\u0130S V\u0130LLA M\u00dcSTAK\u0130L EV B\u0130NA PROJELER TUR\u0130ST\u0130K TES\u0130S ARAZ\u0130 ARSA TARLA KAT KAR\u015eILI\u011eI ARSA DEVREN \u0130\u015e YER\u0130 YABANCI EV SATI\u015eI B\u0130TCO\u0130N AKB\u0130LCO\u0130N B\u0130ZE U\u011eRAMADAN EV ALMAYIN... DERV\u0130\u015eBEY GAYR\u0130MENKUL Ev , Villa , Konut , Studio Daire , Arsa , Tarla , Yazl\u0131k , Bina , Fabrika, \u0130\u015fyeri , Al\u0131m Sat\u0131m ve Kiralama hizmetleri vermektedir. ARSA<\/title>\n<meta name=\"description\" content=\"ARSA\" \/>\n<meta name=\"robots\" content=\"index, follow, max-snippet:-1, max-image-preview:large, max-video-preview:-1\" \/>\n<link rel=\"canonical\" href=\"https:\/\/dervisbeygayrimenkul.com\/index.php\/arsa\/\" \/>\n<meta property=\"og:locale\" content=\"tr_TR\" \/>\n<meta property=\"og:type\" content=\"article\" \/>\n<meta property=\"og:title\" content=\"ARSA\" \/>\n<meta property=\"og:description\" content=\"ARSA\" \/>\n<meta property=\"og:url\" content=\"https:\/\/dervisbeygayrimenkul.com\/index.php\/arsa\/\" \/>\n<meta property=\"og:site_name\" content=\"dervisbey gayrimenkul EV SAT KURUMSAL H\u0130ZMETLER\u0130M\u0130Z SATILIK K\u0130RALIK PROJELER \u0130LET\u0130\u015e\u0130M ALSAT ALIMSATIM EVSAT ARSASAT DA\u0130RESAT SATI\u015e G\u00d6\u00c7 V\u0130ZE PASAPORT B\u0130LET YERLES\u0130M YER\u0130 \u0130KAMETGAH EMLAK EV KONUT GAYR\u0130MENKUL DA\u0130RE DEVREM\u00dcLK EMLAK OF\u0130S\u0130 YAPI \u0130N\u015eAAT DEKORASYON TAPU OF\u0130S V\u0130LLA M\u00dcSTAK\u0130L EV B\u0130NA PROJELER TUR\u0130ST\u0130K TES\u0130S ARAZ\u0130 ARSA TARLA KAT KAR\u015eILI\u011eI ARSA DEVREN \u0130\u015e YER\u0130 YABANCI EV SATI\u015eI B\u0130TCO\u0130N AKB\u0130LCO\u0130N B\u0130ZE U\u011eRAMADAN EV ALMAYIN... DERV\u0130\u015eBEY GAYR\u0130MENKUL Ev , Villa , Konut , Studio Daire , Arsa , Tarla , Yazl\u0131k , Bina , Fabrika, \u0130\u015fyeri , Al\u0131m Sat\u0131m ve Kiralama hizmetleri vermektedir.\" \/>\n<meta property=\"article:modified_time\" content=\"2024-07-17T12:27:28+00:00\" \/>\n<meta property=\"og:image\" content=\"https:\/\/encrypted-tbn0.gstatic.com\/images?q=tbn:ANd9GcQJTxod_D7snNRfnevN5jYrpt1QqNR4Zz3v3PeK6lvUOg&amp;s\" \/>\n<meta name=\"twitter:card\" content=\"summary_large_image\" \/>\n<meta name=\"twitter:label1\" content=\"Tahmini okuma s\u00fcresi\" \/>\n\t<meta name=\"twitter:data1\" content=\"1 dakika\" \/>\n<script type=\"application\/ld+json\" class=\"yoast-schema-graph\">{\"@context\":\"https:\\\/\\\/schema.org\",\"@graph\":[{\"@type\":\"WebPage\",\"@id\":\"https:\\\/\\\/dervisbeygayrimenkul.com\\\/index.php\\\/arsa\\\/\",\"url\":\"https:\\\/\\\/dervisbeygayrimenkul.com\\\/index.php\\\/arsa\\\/\",\"name\":\"ARSA - dervisbey gayrimenkul EV SAT KURUMSAL H\u0130ZMETLER\u0130M\u0130Z SATILIK K\u0130RALIK PROJELER \u0130LET\u0130\u015e\u0130M ALSAT ALIMSATIM EVSAT ARSASAT DA\u0130RESAT SATI\u015e G\u00d6\u00c7 V\u0130ZE PASAPORT B\u0130LET YERLES\u0130M YER\u0130 \u0130KAMETGAH EMLAK EV KONUT GAYR\u0130MENKUL DA\u0130RE DEVREM\u00dcLK EMLAK OF\u0130S\u0130 YAPI \u0130N\u015eAAT DEKORASYON TAPU OF\u0130S V\u0130LLA M\u00dcSTAK\u0130L EV B\u0130NA PROJELER TUR\u0130ST\u0130K TES\u0130S ARAZ\u0130 ARSA TARLA KAT KAR\u015eILI\u011eI ARSA DEVREN \u0130\u015e YER\u0130 YABANCI EV SATI\u015eI B\u0130TCO\u0130N AKB\u0130LCO\u0130N B\u0130ZE U\u011eRAMADAN EV ALMAYIN... DERV\u0130\u015eBEY GAYR\u0130MENKUL Ev , Villa , Konut , Studio Daire , Arsa , Tarla , Yazl\u0131k , Bina , Fabrika, \u0130\u015fyeri , Al\u0131m Sat\u0131m ve Kiralama hizmetleri vermektedir. ARSA\",\"isPartOf\":{\"@id\":\"https:\\\/\\\/dervisbeygayrimenkul.com\\\/#website\"},\"primaryImageOfPage\":{\"@id\":\"https:\\\/\\\/dervisbeygayrimenkul.com\\\/index.php\\\/arsa\\\/#primaryimage\"},\"image\":{\"@id\":\"https:\\\/\\\/dervisbeygayrimenkul.com\\\/index.php\\\/arsa\\\/#primaryimage\"},\"thumbnailUrl\":\"https:\\\/\\\/encrypted-tbn0.gstatic.com\\\/images?q=tbn:ANd9GcQJTxod_D7snNRfnevN5jYrpt1QqNR4Zz3v3PeK6lvUOg&amp;s\",\"datePublished\":\"2024-07-17T12:06:53+00:00\",\"dateModified\":\"2024-07-17T12:27:28+00:00\",\"description\":\"ARSA\",\"breadcrumb\":{\"@id\":\"https:\\\/\\\/dervisbeygayrimenkul.com\\\/index.php\\\/arsa\\\/#breadcrumb\"},\"inLanguage\":\"tr\",\"potentialAction\":[{\"@type\":\"ReadAction\",\"target\":[\"https:\\\/\\\/dervisbeygayrimenkul.com\\\/index.php\\\/arsa\\\/\"]}]},{\"@type\":\"ImageObject\",\"inLanguage\":\"tr\",\"@id\":\"https:\\\/\\\/dervisbeygayrimenkul.com\\\/index.php\\\/arsa\\\/#primaryimage\",\"url\":\"https:\\\/\\\/encrypted-tbn0.gstatic.com\\\/images?q=tbn:ANd9GcQJTxod_D7snNRfnevN5jYrpt1QqNR4Zz3v3PeK6lvUOg&amp;s\",\"contentUrl\":\"https:\\\/\\\/encrypted-tbn0.gstatic.com\\\/images?q=tbn:ANd9GcQJTxod_D7snNRfnevN5jYrpt1QqNR4Zz3v3PeK6lvUOg&amp;s\"},{\"@type\":\"BreadcrumbList\",\"@id\":\"https:\\\/\\\/dervisbeygayrimenkul.com\\\/index.php\\\/arsa\\\/#breadcrumb\",\"itemListElement\":[{\"@type\":\"ListItem\",\"position\":1,\"name\":\"Anasayfa\",\"item\":\"https:\\\/\\\/dervisbeygayrimenkul.com\\\/\"},{\"@type\":\"ListItem\",\"position\":2,\"name\":\"ARSA\"}]},{\"@type\":\"WebSite\",\"@id\":\"https:\\\/\\\/dervisbeygayrimenkul.com\\\/#website\",\"url\":\"https:\\\/\\\/dervisbeygayrimenkul.com\\\/\",\"name\":\"https:\\\/\\\/dervisbeygayrimenkul.com\",\"description\":\"dervisbey gayrimenkul EV SAT KURUMSAL H\u0130ZMETLER\u0130M\u0130Z SATILIK  K\u0130RALIK PROJELER \u0130LET\u0130\u015e\u0130M ALSAT ALIMSATIM  EVSAT ARSASAT DA\u0130RESAT SATI\u015e G\u00d6\u00c7 V\u0130ZE  PASAPORT B\u0130LET YERLES\u0130M YER\u0130 \u0130KAMETGAH  EMLAK EV KONUT GAYR\u0130MENKUL DA\u0130RE DEVREM\u00dcLK  EMLAK OF\u0130S\u0130 YAPI \u0130N\u015eAAT DEKORASYON  TAPU OF\u0130S V\u0130LLA M\u00dcSTAK\u0130L EV B\u0130NA PROJELER  TUR\u0130ST\u0130K TES\u0130S ARAZ\u0130 ARSA TARLA  KAT KAR\u015eILI\u011eI ARSA DEVREN \u0130\u015e YER\u0130  YABANCI EV SATI\u015eI B\u0130TCO\u0130N AKB\u0130LCO\u0130N B\u0130ZE U\u011eRAMADAN EV ALMAYIN...  DERV\u0130\u015eBEY GAYR\u0130MENKUL  Ev , Villa ,  Konut , Studio Daire  , Arsa , Tarla , Yazl\u0131k , Bina , Fabrika, \u0130\u015fyeri , Al\u0131m Sat\u0131m  ve Kiralama hizmetleri vermektedir.\",\"publisher\":{\"@id\":\"https:\\\/\\\/dervisbeygayrimenkul.com\\\/#organization\"},\"potentialAction\":[{\"@type\":\"SearchAction\",\"target\":{\"@type\":\"EntryPoint\",\"urlTemplate\":\"https:\\\/\\\/dervisbeygayrimenkul.com\\\/?s={search_term_string}\"},\"query-input\":{\"@type\":\"PropertyValueSpecification\",\"valueRequired\":true,\"valueName\":\"search_term_string\"}}],\"inLanguage\":\"tr\"},{\"@type\":\"Organization\",\"@id\":\"https:\\\/\\\/dervisbeygayrimenkul.com\\\/#organization\",\"name\":\"Dervi\u015fbey Gayrimenkul Tel : 02125919191 Gsm : 05303454282\",\"url\":\"https:\\\/\\\/dervisbeygayrimenkul.com\\\/\",\"logo\":{\"@type\":\"ImageObject\",\"inLanguage\":\"tr\",\"@id\":\"https:\\\/\\\/dervisbeygayrimenkul.com\\\/#\\\/schema\\\/logo\\\/image\\\/\",\"url\":\"https:\\\/\\\/dervisbeygayrimenkul.com\\\/wp-content\\\/uploads\\\/2024\\\/03\\\/dervisbey.png\",\"contentUrl\":\"https:\\\/\\\/dervisbeygayrimenkul.com\\\/wp-content\\\/uploads\\\/2024\\\/03\\\/dervisbey.png\",\"width\":505,\"height\":183,\"caption\":\"Dervi\u015fbey Gayrimenkul Tel : 02125919191 Gsm : 05303454282\"},\"image\":{\"@id\":\"https:\\\/\\\/dervisbeygayrimenkul.com\\\/#\\\/schema\\\/logo\\\/image\\\/\"}}]}<\/script>\n<!-- \/ Yoast SEO Premium plugin. -->","yoast_head_json":{"title":"ARSA - dervisbey gayrimenkul EV SAT KURUMSAL H\u0130ZMETLER\u0130M\u0130Z SATILIK K\u0130RALIK PROJELER \u0130LET\u0130\u015e\u0130M ALSAT ALIMSATIM EVSAT ARSASAT DA\u0130RESAT SATI\u015e G\u00d6\u00c7 V\u0130ZE PASAPORT B\u0130LET YERLES\u0130M YER\u0130 \u0130KAMETGAH EMLAK EV KONUT GAYR\u0130MENKUL DA\u0130RE DEVREM\u00dcLK EMLAK OF\u0130S\u0130 YAPI \u0130N\u015eAAT DEKORASYON TAPU OF\u0130S V\u0130LLA M\u00dcSTAK\u0130L EV B\u0130NA PROJELER TUR\u0130ST\u0130K TES\u0130S ARAZ\u0130 ARSA TARLA KAT KAR\u015eILI\u011eI ARSA DEVREN \u0130\u015e YER\u0130 YABANCI EV SATI\u015eI B\u0130TCO\u0130N AKB\u0130LCO\u0130N B\u0130ZE U\u011eRAMADAN EV ALMAYIN... DERV\u0130\u015eBEY GAYR\u0130MENKUL Ev , Villa , Konut , Studio Daire , Arsa , Tarla , Yazl\u0131k , Bina , Fabrika, \u0130\u015fyeri , Al\u0131m Sat\u0131m ve Kiralama hizmetleri vermektedir. ARSA","description":"ARSA","robots":{"index":"index","follow":"follow","max-snippet":"max-snippet:-1","max-image-preview":"max-image-preview:large","max-video-preview":"max-video-preview:-1"},"canonical":"https:\/\/dervisbeygayrimenkul.com\/index.php\/arsa\/","og_locale":"tr_TR","og_type":"article","og_title":"ARSA","og_description":"ARSA","og_url":"https:\/\/dervisbeygayrimenkul.com\/index.php\/arsa\/","og_site_name":"dervisbey gayrimenkul EV SAT KURUMSAL H\u0130ZMETLER\u0130M\u0130Z SATILIK K\u0130RALIK PROJELER \u0130LET\u0130\u015e\u0130M ALSAT ALIMSATIM EVSAT ARSASAT DA\u0130RESAT SATI\u015e G\u00d6\u00c7 V\u0130ZE PASAPORT B\u0130LET YERLES\u0130M YER\u0130 \u0130KAMETGAH EMLAK EV KONUT GAYR\u0130MENKUL DA\u0130RE DEVREM\u00dcLK EMLAK OF\u0130S\u0130 YAPI \u0130N\u015eAAT DEKORASYON TAPU OF\u0130S V\u0130LLA M\u00dcSTAK\u0130L EV B\u0130NA PROJELER TUR\u0130ST\u0130K TES\u0130S ARAZ\u0130 ARSA TARLA KAT KAR\u015eILI\u011eI ARSA DEVREN \u0130\u015e YER\u0130 YABANCI EV SATI\u015eI B\u0130TCO\u0130N AKB\u0130LCO\u0130N B\u0130ZE U\u011eRAMADAN EV ALMAYIN... DERV\u0130\u015eBEY GAYR\u0130MENKUL Ev , Villa , Konut , Studio Daire , Arsa , Tarla , Yazl\u0131k , Bina , Fabrika, \u0130\u015fyeri , Al\u0131m Sat\u0131m ve Kiralama hizmetleri vermektedir.","article_modified_time":"2024-07-17T12:27:28+00:00","og_image":[{"url":"https:\/\/encrypted-tbn0.gstatic.com\/images?q=tbn:ANd9GcQJTxod_D7snNRfnevN5jYrpt1QqNR4Zz3v3PeK6lvUOg&amp;s","type":"","width":"","height":""}],"twitter_card":"summary_large_image","twitter_misc":{"Tahmini okuma s\u00fcresi":"1 dakika"},"schema":{"@context":"https:\/\/schema.org","@graph":[{"@type":"WebPage","@id":"https:\/\/dervisbeygayrimenkul.com\/index.php\/arsa\/","url":"https:\/\/dervisbeygayrimenkul.com\/index.php\/arsa\/","name":"ARSA - dervisbey gayrimenkul EV SAT KURUMSAL H\u0130ZMETLER\u0130M\u0130Z SATILIK K\u0130RALIK PROJELER \u0130LET\u0130\u015e\u0130M ALSAT ALIMSATIM EVSAT ARSASAT DA\u0130RESAT SATI\u015e G\u00d6\u00c7 V\u0130ZE PASAPORT B\u0130LET YERLES\u0130M YER\u0130 \u0130KAMETGAH EMLAK EV KONUT GAYR\u0130MENKUL DA\u0130RE DEVREM\u00dcLK EMLAK OF\u0130S\u0130 YAPI \u0130N\u015eAAT DEKORASYON TAPU OF\u0130S V\u0130LLA M\u00dcSTAK\u0130L EV B\u0130NA PROJELER TUR\u0130ST\u0130K TES\u0130S ARAZ\u0130 ARSA TARLA KAT KAR\u015eILI\u011eI ARSA DEVREN \u0130\u015e YER\u0130 YABANCI EV SATI\u015eI B\u0130TCO\u0130N AKB\u0130LCO\u0130N B\u0130ZE U\u011eRAMADAN EV ALMAYIN... DERV\u0130\u015eBEY GAYR\u0130MENKUL Ev , Villa , Konut , Studio Daire , Arsa , Tarla , Yazl\u0131k , Bina , Fabrika, \u0130\u015fyeri , Al\u0131m Sat\u0131m ve Kiralama hizmetleri vermektedir. ARSA","isPartOf":{"@id":"https:\/\/dervisbeygayrimenkul.com\/#website"},"primaryImageOfPage":{"@id":"https:\/\/dervisbeygayrimenkul.com\/index.php\/arsa\/#primaryimage"},"image":{"@id":"https:\/\/dervisbeygayrimenkul.com\/index.php\/arsa\/#primaryimage"},"thumbnailUrl":"https:\/\/encrypted-tbn0.gstatic.com\/images?q=tbn:ANd9GcQJTxod_D7snNRfnevN5jYrpt1QqNR4Zz3v3PeK6lvUOg&amp;s","datePublished":"2024-07-17T12:06:53+00:00","dateModified":"2024-07-17T12:27:28+00:00","description":"ARSA","breadcrumb":{"@id":"https:\/\/dervisbeygayrimenkul.com\/index.php\/arsa\/#breadcrumb"},"inLanguage":"tr","potentialAction":[{"@type":"ReadAction","target":["https:\/\/dervisbeygayrimenkul.com\/index.php\/arsa\/"]}]},{"@type":"ImageObject","inLanguage":"tr","@id":"https:\/\/dervisbeygayrimenkul.com\/index.php\/arsa\/#primaryimage","url":"https:\/\/encrypted-tbn0.gstatic.com\/images?q=tbn:ANd9GcQJTxod_D7snNRfnevN5jYrpt1QqNR4Zz3v3PeK6lvUOg&amp;s","contentUrl":"https:\/\/encrypted-tbn0.gstatic.com\/images?q=tbn:ANd9GcQJTxod_D7snNRfnevN5jYrpt1QqNR4Zz3v3PeK6lvUOg&amp;s"},{"@type":"BreadcrumbList","@id":"https:\/\/dervisbeygayrimenkul.com\/index.php\/arsa\/#breadcrumb","itemListElement":[{"@type":"ListItem","position":1,"name":"Anasayfa","item":"https:\/\/dervisbeygayrimenkul.com\/"},{"@type":"ListItem","position":2,"name":"ARSA"}]},{"@type":"WebSite","@id":"https:\/\/dervisbeygayrimenkul.com\/#website","url":"https:\/\/dervisbeygayrimenkul.com\/","name":"https:\/\/dervisbeygayrimenkul.com","description":"dervisbey gayrimenkul EV SAT KURUMSAL H\u0130ZMETLER\u0130M\u0130Z SATILIK  K\u0130RALIK PROJELER \u0130LET\u0130\u015e\u0130M ALSAT ALIMSATIM  EVSAT ARSASAT DA\u0130RESAT SATI\u015e G\u00d6\u00c7 V\u0130ZE  PASAPORT B\u0130LET YERLES\u0130M YER\u0130 \u0130KAMETGAH  EMLAK EV KONUT GAYR\u0130MENKUL DA\u0130RE DEVREM\u00dcLK  EMLAK OF\u0130S\u0130 YAPI \u0130N\u015eAAT DEKORASYON  TAPU OF\u0130S V\u0130LLA M\u00dcSTAK\u0130L EV B\u0130NA PROJELER  TUR\u0130ST\u0130K TES\u0130S ARAZ\u0130 ARSA TARLA  KAT KAR\u015eILI\u011eI ARSA DEVREN \u0130\u015e YER\u0130  YABANCI EV SATI\u015eI B\u0130TCO\u0130N AKB\u0130LCO\u0130N B\u0130ZE U\u011eRAMADAN EV ALMAYIN...  DERV\u0130\u015eBEY GAYR\u0130MENKUL  Ev , Villa ,  Konut , Studio Daire  , Arsa , Tarla , Yazl\u0131k , Bina , Fabrika, \u0130\u015fyeri , Al\u0131m Sat\u0131m  ve Kiralama hizmetleri vermektedir.","publisher":{"@id":"https:\/\/dervisbeygayrimenkul.com\/#organization"},"potentialAction":[{"@type":"SearchAction","target":{"@type":"EntryPoint","urlTemplate":"https:\/\/dervisbeygayrimenkul.com\/?s={search_term_string}"},"query-input":{"@type":"PropertyValueSpecification","valueRequired":true,"valueName":"search_term_string"}}],"inLanguage":"tr"},{"@type":"Organization","@id":"https:\/\/dervisbeygayrimenkul.com\/#organization","name":"Dervi\u015fbey Gayrimenkul Tel : 02125919191 Gsm : 05303454282","url":"https:\/\/dervisbeygayrimenkul.com\/","logo":{"@type":"ImageObject","inLanguage":"tr","@id":"https:\/\/dervisbeygayrimenkul.com\/#\/schema\/logo\/image\/","url":"https:\/\/dervisbeygayrimenkul.com\/wp-content\/uploads\/2024\/03\/dervisbey.png","contentUrl":"https:\/\/dervisbeygayrimenkul.com\/wp-content\/uploads\/2024\/03\/dervisbey.png","width":505,"height":183,"caption":"Dervi\u015fbey Gayrimenkul Tel : 02125919191 Gsm : 05303454282"},"image":{"@id":"https:\/\/dervisbeygayrimenkul.com\/#\/schema\/logo\/image\/"}}]}},"_hostinger_reach_plugin_has_subscription_block":false,"_hostinger_reach_plugin_is_elementor":false,"_links":{"self":[{"href":"https:\/\/dervisbeygayrimenkul.com\/index.php\/wp-json\/wp\/v2\/pages\/17715","targetHints":{"allow":["GET"]}}],"collection":[{"href":"https:\/\/dervisbeygayrimenkul.com\/index.php\/wp-json\/wp\/v2\/pages"}],"about":[{"href":"https:\/\/dervisbeygayrimenkul.com\/index.php\/wp-json\/wp\/v2\/types\/page"}],"author":[{"embeddable":true,"href":"https:\/\/dervisbeygayrimenkul.com\/index.php\/wp-json\/wp\/v2\/users\/1"}],"replies":[{"embeddable":true,"href":"https:\/\/dervisbeygayrimenkul.com\/index.php\/wp-json\/wp\/v2\/comments?post=17715"}],"version-history":[{"count":3,"href":"https:\/\/dervisbeygayrimenkul.com\/index.php\/wp-json\/wp\/v2\/pages\/17715\/revisions"}],"predecessor-version":[{"id":17748,"href":"https:\/\/dervisbeygayrimenkul.com\/index.php\/wp-json\/wp\/v2\/pages\/17715\/revisions\/17748"}],"wp:attachment":[{"href":"https:\/\/dervisbeygayrimenkul.com\/index.php\/wp-json\/wp\/v2\/media?parent=17715"}],"curies":[{"name":"wp","href":"https:\/\/api.w.org\/{rel}","templated":true}]}}