{"id":17717,"date":"2024-07-17T12:07:16","date_gmt":"2024-07-17T12:07:16","guid":{"rendered":"https:\/\/dervisbeygayrimenkul.com\/?page_id=17717"},"modified":"2024-07-17T12:29:58","modified_gmt":"2024-07-17T12:29:58","slug":"villa","status":"publish","type":"page","link":"https:\/\/dervisbeygayrimenkul.com\/index.php\/villa\/","title":{"rendered":"V\u0130LLA"},"content":{"rendered":"\n<figure class=\"wp-block-image\"><a href=\"https:\/\/tr.wikipedia.org\/wiki\/Dosya:Baederarchitektur-Binz_1658.jpg\"><img decoding=\"async\" src=\"https:\/\/upload.wikimedia.org\/wikipedia\/commons\/thumb\/d\/da\/Baederarchitektur-Binz_1658.jpg\/220px-Baederarchitektur-Binz_1658.jpg\" alt=\"\"\/><\/a><\/figure>\n\n\n\n<p><strong>Villa<\/strong>,\u00a0<a href=\"https:\/\/tr.wikipedia.org\/wiki\/Antik_Roma\">Antik Roma<\/a>&#8216;dan beri \u00fcst s\u0131n\u0131f k\u0131r evi olan bir\u00a0<a href=\"https:\/\/tr.wikipedia.org\/wiki\/Ev\">ev<\/a>\u00a0t\u00fcr\u00fc.\u00a0<a href=\"https:\/\/tr.wikipedia.org\/wiki\/Roma_villas%C4%B1\">Roma villas\u0131ndaki<\/a>\u00a0k\u00f6kenlerinden beri, bir villan\u0131n i\u015flevi \u00f6nemli \u00f6l\u00e7\u00fcde geli\u015fti.\u00a0<a href=\"https:\/\/tr.wikipedia.org\/wiki\/Roma_Cumhuriyeti\">Roma Cumhuriyeti<\/a>&#8216;nin devrilmesinden sonra, villalar\u00a0<a href=\"https:\/\/tr.wikipedia.org\/wiki\/Ge%C3%A7_Antik_%C3%87a%C4%9F\">Ge\u00e7 Antik \u00c7a\u011f<\/a>&#8216;da gittik\u00e7e \u00f6nemli haline geldi ve bazen\u00a0<a href=\"https:\/\/tr.wikipedia.org\/wiki\/Manast%C4%B1r\">manast\u0131r<\/a>\u00a0olarak yeniden kullan\u0131lmak \u00fczere Kilise&#8217;ye transfer edildi.<sup><a href=\"https:\/\/tr.wikipedia.org\/wiki\/Villa#cite_note-1\">[1]<\/a><\/sup>\u00a0Sonra yava\u015f yava\u015f\u00a0<a href=\"https:\/\/tr.wikipedia.org\/wiki\/Orta_%C3%87a%C4%9F\">Orta \u00c7a\u011f<\/a>&#8216;dan zarif \u00fcst s\u0131n\u0131f k\u0131r evlerine d\u00f6n\u00fc\u015ft\u00fcler.\u00a0<a href=\"https:\/\/tr.wikipedia.org\/wiki\/Modern_mimarl%C4%B1k\">Modern mimarl\u0131k<\/a>&#8216;\u0131n geli\u015fmesiyle pek \u00e7ok\u00a0<a href=\"https:\/\/tr.wikipedia.org\/wiki\/F%C3%BCt%C3%BCristik\">f\u00fct\u00fcristik<\/a>\u00a0\u00fcsluplu villalar ger\u00e7ekle\u015ftirildi.<\/p>\n\n\n\n<ul class=\"wp-block-list\">\n<li><a href=\"https:\/\/tr.wikipedia.org\/wiki\/Malikane\">Malikane<\/a><\/li>\n\n\n\n<li><a href=\"https:\/\/tr.wikipedia.org\/wiki\/Da%C3%A7a\">Da\u00e7a<\/a><\/li>\n\n\n\n<li><a href=\"https:\/\/tr.wikipedia.org\/wiki\/Kas%C4%B1r\">Kas\u0131r<\/a><\/li>\n\n\n\n<li><a href=\"https:\/\/tr.wikipedia.org\/wiki\/%C5%9Eato\">\u015eato<\/a><\/li>\n\n\n\n<li><a href=\"https:\/\/tr.wikipedia.org\/wiki\/K%C4%B1r_evi\">K\u0131r evi<\/a><\/li>\n\n\n\n<li><a href=\"https:\/\/tr.wikipedia.org\/wiki\/S%C4%B1ra_ev\">S\u0131ra ev<\/a><\/li>\n\n\n\n<li><a href=\"https:\/\/tr.wikipedia.org\/wiki\/Hisar\">Hisar<\/a><\/li>\n\n\n\n<li><a href=\"https:\/\/tr.wikipedia.org\/wiki\/%C5%9Eato\">\u015eato<\/a><\/li>\n<\/ul>\n\n\n\n<p><\/p>\n\n\n\n<ul class=\"wp-block-list\">\n<li>Villa ne demek ne demek?<br><br><br><img decoding=\"async\" src=\"https:\/\/encrypted-tbn0.gstatic.com\/images?q=tbn:ANd9GcT2yW5QCaB5R5_cqhA3YnBNw7lIu1DRnYPgyKw4GMDp3Q&amp;s\" alt=\"Villa Nedir?\"><br><br>Villa,\u00a0<strong>\u00e7o\u011funlukla \u015fehrin d\u0131\u015f\u0131nda ya da yazl\u0131k b\u00f6lgelerde yer alan m\u00fcstakil tarzdaki l\u00fcks evlerdir<\/strong>. Genellikle 2-3 katl\u0131 olacak \u015fekilde in\u015fa edilen villalar bir bah\u00e7eye ve havuza sahip olan m\u00fcstakil yap\u0131lard\u0131r.<\/li>\n<\/ul>\n","protected":false},"excerpt":{"rendered":"<p>Villa,\u00a0Antik Roma&#8216;dan beri \u00fcst s\u0131n\u0131f k\u0131r evi olan bir\u00a0ev\u00a0t\u00fcr\u00fc.\u00a0Roma villas\u0131ndaki\u00a0k\u00f6kenlerinden beri, bir villan\u0131n i\u015flevi \u00f6nemli \u00f6l\u00e7\u00fcde geli\u015fti.\u00a0Roma Cumhuriyeti&#8216;nin devrilmesinden sonra, villalar\u00a0Ge\u00e7 Antik \u00c7a\u011f&#8216;da gittik\u00e7e \u00f6nemli haline geldi ve bazen\u00a0manast\u0131r\u00a0olarak yeniden kullan\u0131lmak \u00fczere Kilise&#8217;ye transfer edildi.[1]\u00a0Sonra yava\u015f yava\u015f\u00a0Orta \u00c7a\u011f&#8216;dan zarif \u00fcst s\u0131n\u0131f k\u0131r evlerine d\u00f6n\u00fc\u015ft\u00fcler.\u00a0Modern mimarl\u0131k&#8216;\u0131n geli\u015fmesiyle pek \u00e7ok\u00a0f\u00fct\u00fcristik\u00a0\u00fcsluplu villalar ger\u00e7ekle\u015ftirildi.<\/p>\n","protected":false},"author":1,"featured_media":0,"parent":0,"menu_order":0,"comment_status":"closed","ping_status":"closed","template":"","meta":{"rs_blank_template":"","rs_page_bg_color":"","slide_template_v7":"","footnotes":""},"class_list":["post-17717","page","type-page","status-publish","hentry"],"yoast_head":"<!-- This site is optimized with the Yoast SEO Premium plugin v27.4 (Yoast SEO v27.6) - https:\/\/yoast.com\/product\/yoast-seo-premium-wordpress\/ -->\n<title>V\u0130LLA - dervisbey gayrimenkul EV SAT KURUMSAL H\u0130ZMETLER\u0130M\u0130Z SATILIK K\u0130RALIK PROJELER \u0130LET\u0130\u015e\u0130M ALSAT ALIMSATIM EVSAT ARSASAT DA\u0130RESAT SATI\u015e G\u00d6\u00c7 V\u0130ZE PASAPORT B\u0130LET YERLES\u0130M YER\u0130 \u0130KAMETGAH EMLAK EV KONUT GAYR\u0130MENKUL DA\u0130RE DEVREM\u00dcLK EMLAK OF\u0130S\u0130 YAPI \u0130N\u015eAAT DEKORASYON TAPU OF\u0130S V\u0130LLA M\u00dcSTAK\u0130L EV B\u0130NA PROJELER TUR\u0130ST\u0130K TES\u0130S ARAZ\u0130 ARSA TARLA KAT KAR\u015eILI\u011eI ARSA DEVREN \u0130\u015e YER\u0130 YABANCI EV SATI\u015eI B\u0130TCO\u0130N AKB\u0130LCO\u0130N B\u0130ZE U\u011eRAMADAN EV ALMAYIN... DERV\u0130\u015eBEY GAYR\u0130MENKUL Ev , Villa , Konut , Studio Daire , Arsa , Tarla , Yazl\u0131k , Bina , Fabrika, \u0130\u015fyeri , Al\u0131m Sat\u0131m ve Kiralama hizmetleri vermektedir. V\u0130LLA<\/title>\n<meta name=\"description\" content=\"V\u0130LLA\" \/>\n<meta name=\"robots\" content=\"index, follow, max-snippet:-1, max-image-preview:large, max-video-preview:-1\" \/>\n<link rel=\"canonical\" href=\"https:\/\/dervisbeygayrimenkul.com\/index.php\/villa\/\" \/>\n<meta property=\"og:locale\" content=\"tr_TR\" \/>\n<meta property=\"og:type\" content=\"article\" \/>\n<meta property=\"og:title\" content=\"V\u0130LLA\" \/>\n<meta property=\"og:description\" content=\"V\u0130LLA\" \/>\n<meta property=\"og:url\" content=\"https:\/\/dervisbeygayrimenkul.com\/index.php\/villa\/\" \/>\n<meta property=\"og:site_name\" content=\"dervisbey gayrimenkul EV SAT KURUMSAL H\u0130ZMETLER\u0130M\u0130Z SATILIK K\u0130RALIK PROJELER \u0130LET\u0130\u015e\u0130M ALSAT ALIMSATIM EVSAT ARSASAT DA\u0130RESAT SATI\u015e G\u00d6\u00c7 V\u0130ZE PASAPORT B\u0130LET YERLES\u0130M YER\u0130 \u0130KAMETGAH EMLAK EV KONUT GAYR\u0130MENKUL DA\u0130RE DEVREM\u00dcLK EMLAK OF\u0130S\u0130 YAPI \u0130N\u015eAAT DEKORASYON TAPU OF\u0130S V\u0130LLA M\u00dcSTAK\u0130L EV B\u0130NA PROJELER TUR\u0130ST\u0130K TES\u0130S ARAZ\u0130 ARSA TARLA KAT KAR\u015eILI\u011eI ARSA DEVREN \u0130\u015e YER\u0130 YABANCI EV SATI\u015eI B\u0130TCO\u0130N AKB\u0130LCO\u0130N B\u0130ZE U\u011eRAMADAN EV ALMAYIN... DERV\u0130\u015eBEY GAYR\u0130MENKUL Ev , Villa , Konut , Studio Daire , Arsa , Tarla , Yazl\u0131k , Bina , Fabrika, \u0130\u015fyeri , Al\u0131m Sat\u0131m ve Kiralama hizmetleri vermektedir.\" \/>\n<meta property=\"article:modified_time\" content=\"2024-07-17T12:29:58+00:00\" \/>\n<meta property=\"og:image\" content=\"https:\/\/upload.wikimedia.org\/wikipedia\/commons\/thumb\/d\/da\/Baederarchitektur-Binz_1658.jpg\/220px-Baederarchitektur-Binz_1658.jpg\" \/>\n<meta name=\"twitter:card\" content=\"summary_large_image\" \/>\n<meta name=\"twitter:label1\" content=\"Tahmini okuma s\u00fcresi\" \/>\n\t<meta name=\"twitter:data1\" content=\"2 dakika\" \/>\n<script type=\"application\/ld+json\" class=\"yoast-schema-graph\">{\"@context\":\"https:\\\/\\\/schema.org\",\"@graph\":[{\"@type\":\"WebPage\",\"@id\":\"https:\\\/\\\/dervisbeygayrimenkul.com\\\/index.php\\\/villa\\\/\",\"url\":\"https:\\\/\\\/dervisbeygayrimenkul.com\\\/index.php\\\/villa\\\/\",\"name\":\"V\u0130LLA - dervisbey gayrimenkul EV SAT KURUMSAL H\u0130ZMETLER\u0130M\u0130Z SATILIK K\u0130RALIK PROJELER \u0130LET\u0130\u015e\u0130M ALSAT ALIMSATIM EVSAT ARSASAT DA\u0130RESAT SATI\u015e G\u00d6\u00c7 V\u0130ZE PASAPORT B\u0130LET YERLES\u0130M YER\u0130 \u0130KAMETGAH EMLAK EV KONUT GAYR\u0130MENKUL DA\u0130RE DEVREM\u00dcLK EMLAK OF\u0130S\u0130 YAPI \u0130N\u015eAAT DEKORASYON TAPU OF\u0130S V\u0130LLA M\u00dcSTAK\u0130L EV B\u0130NA PROJELER TUR\u0130ST\u0130K TES\u0130S ARAZ\u0130 ARSA TARLA KAT KAR\u015eILI\u011eI ARSA DEVREN \u0130\u015e YER\u0130 YABANCI EV SATI\u015eI B\u0130TCO\u0130N AKB\u0130LCO\u0130N B\u0130ZE U\u011eRAMADAN EV ALMAYIN... DERV\u0130\u015eBEY GAYR\u0130MENKUL Ev , Villa , Konut , Studio Daire , Arsa , Tarla , Yazl\u0131k , Bina , Fabrika, \u0130\u015fyeri , Al\u0131m Sat\u0131m ve Kiralama hizmetleri vermektedir. V\u0130LLA\",\"isPartOf\":{\"@id\":\"https:\\\/\\\/dervisbeygayrimenkul.com\\\/#website\"},\"primaryImageOfPage\":{\"@id\":\"https:\\\/\\\/dervisbeygayrimenkul.com\\\/index.php\\\/villa\\\/#primaryimage\"},\"image\":{\"@id\":\"https:\\\/\\\/dervisbeygayrimenkul.com\\\/index.php\\\/villa\\\/#primaryimage\"},\"thumbnailUrl\":\"https:\\\/\\\/upload.wikimedia.org\\\/wikipedia\\\/commons\\\/thumb\\\/d\\\/da\\\/Baederarchitektur-Binz_1658.jpg\\\/220px-Baederarchitektur-Binz_1658.jpg\",\"datePublished\":\"2024-07-17T12:07:16+00:00\",\"dateModified\":\"2024-07-17T12:29:58+00:00\",\"description\":\"V\u0130LLA\",\"breadcrumb\":{\"@id\":\"https:\\\/\\\/dervisbeygayrimenkul.com\\\/index.php\\\/villa\\\/#breadcrumb\"},\"inLanguage\":\"tr\",\"potentialAction\":[{\"@type\":\"ReadAction\",\"target\":[\"https:\\\/\\\/dervisbeygayrimenkul.com\\\/index.php\\\/villa\\\/\"]}]},{\"@type\":\"ImageObject\",\"inLanguage\":\"tr\",\"@id\":\"https:\\\/\\\/dervisbeygayrimenkul.com\\\/index.php\\\/villa\\\/#primaryimage\",\"url\":\"https:\\\/\\\/upload.wikimedia.org\\\/wikipedia\\\/commons\\\/thumb\\\/d\\\/da\\\/Baederarchitektur-Binz_1658.jpg\\\/220px-Baederarchitektur-Binz_1658.jpg\",\"contentUrl\":\"https:\\\/\\\/upload.wikimedia.org\\\/wikipedia\\\/commons\\\/thumb\\\/d\\\/da\\\/Baederarchitektur-Binz_1658.jpg\\\/220px-Baederarchitektur-Binz_1658.jpg\"},{\"@type\":\"BreadcrumbList\",\"@id\":\"https:\\\/\\\/dervisbeygayrimenkul.com\\\/index.php\\\/villa\\\/#breadcrumb\",\"itemListElement\":[{\"@type\":\"ListItem\",\"position\":1,\"name\":\"Anasayfa\",\"item\":\"https:\\\/\\\/dervisbeygayrimenkul.com\\\/\"},{\"@type\":\"ListItem\",\"position\":2,\"name\":\"V\u0130LLA\"}]},{\"@type\":\"WebSite\",\"@id\":\"https:\\\/\\\/dervisbeygayrimenkul.com\\\/#website\",\"url\":\"https:\\\/\\\/dervisbeygayrimenkul.com\\\/\",\"name\":\"https:\\\/\\\/dervisbeygayrimenkul.com\",\"description\":\"dervisbey gayrimenkul EV SAT KURUMSAL H\u0130ZMETLER\u0130M\u0130Z SATILIK  K\u0130RALIK PROJELER \u0130LET\u0130\u015e\u0130M ALSAT ALIMSATIM  EVSAT ARSASAT DA\u0130RESAT SATI\u015e G\u00d6\u00c7 V\u0130ZE  PASAPORT B\u0130LET YERLES\u0130M YER\u0130 \u0130KAMETGAH  EMLAK EV KONUT GAYR\u0130MENKUL DA\u0130RE DEVREM\u00dcLK  EMLAK OF\u0130S\u0130 YAPI \u0130N\u015eAAT DEKORASYON  TAPU OF\u0130S V\u0130LLA M\u00dcSTAK\u0130L EV B\u0130NA PROJELER  TUR\u0130ST\u0130K TES\u0130S ARAZ\u0130 ARSA TARLA  KAT KAR\u015eILI\u011eI ARSA DEVREN \u0130\u015e YER\u0130  YABANCI EV SATI\u015eI B\u0130TCO\u0130N AKB\u0130LCO\u0130N B\u0130ZE U\u011eRAMADAN EV ALMAYIN...  DERV\u0130\u015eBEY GAYR\u0130MENKUL  Ev , Villa ,  Konut , Studio Daire  , Arsa , Tarla , Yazl\u0131k , Bina , Fabrika, \u0130\u015fyeri , Al\u0131m Sat\u0131m  ve Kiralama hizmetleri vermektedir.\",\"publisher\":{\"@id\":\"https:\\\/\\\/dervisbeygayrimenkul.com\\\/#organization\"},\"potentialAction\":[{\"@type\":\"SearchAction\",\"target\":{\"@type\":\"EntryPoint\",\"urlTemplate\":\"https:\\\/\\\/dervisbeygayrimenkul.com\\\/?s={search_term_string}\"},\"query-input\":{\"@type\":\"PropertyValueSpecification\",\"valueRequired\":true,\"valueName\":\"search_term_string\"}}],\"inLanguage\":\"tr\"},{\"@type\":\"Organization\",\"@id\":\"https:\\\/\\\/dervisbeygayrimenkul.com\\\/#organization\",\"name\":\"Dervi\u015fbey Gayrimenkul Tel : 02125919191 Gsm : 05303454282\",\"url\":\"https:\\\/\\\/dervisbeygayrimenkul.com\\\/\",\"logo\":{\"@type\":\"ImageObject\",\"inLanguage\":\"tr\",\"@id\":\"https:\\\/\\\/dervisbeygayrimenkul.com\\\/#\\\/schema\\\/logo\\\/image\\\/\",\"url\":\"https:\\\/\\\/dervisbeygayrimenkul.com\\\/wp-content\\\/uploads\\\/2024\\\/03\\\/dervisbey.png\",\"contentUrl\":\"https:\\\/\\\/dervisbeygayrimenkul.com\\\/wp-content\\\/uploads\\\/2024\\\/03\\\/dervisbey.png\",\"width\":505,\"height\":183,\"caption\":\"Dervi\u015fbey Gayrimenkul Tel : 02125919191 Gsm : 05303454282\"},\"image\":{\"@id\":\"https:\\\/\\\/dervisbeygayrimenkul.com\\\/#\\\/schema\\\/logo\\\/image\\\/\"}}]}<\/script>\n<!-- \/ Yoast SEO Premium plugin. -->","yoast_head_json":{"title":"V\u0130LLA - dervisbey gayrimenkul EV SAT KURUMSAL H\u0130ZMETLER\u0130M\u0130Z SATILIK K\u0130RALIK PROJELER \u0130LET\u0130\u015e\u0130M ALSAT ALIMSATIM EVSAT ARSASAT DA\u0130RESAT SATI\u015e G\u00d6\u00c7 V\u0130ZE PASAPORT B\u0130LET YERLES\u0130M YER\u0130 \u0130KAMETGAH EMLAK EV KONUT GAYR\u0130MENKUL DA\u0130RE DEVREM\u00dcLK EMLAK OF\u0130S\u0130 YAPI \u0130N\u015eAAT DEKORASYON TAPU OF\u0130S V\u0130LLA M\u00dcSTAK\u0130L EV B\u0130NA PROJELER TUR\u0130ST\u0130K TES\u0130S ARAZ\u0130 ARSA TARLA KAT KAR\u015eILI\u011eI ARSA DEVREN \u0130\u015e YER\u0130 YABANCI EV SATI\u015eI B\u0130TCO\u0130N AKB\u0130LCO\u0130N B\u0130ZE U\u011eRAMADAN EV ALMAYIN... DERV\u0130\u015eBEY GAYR\u0130MENKUL Ev , Villa , Konut , Studio Daire , Arsa , Tarla , Yazl\u0131k , Bina , Fabrika, \u0130\u015fyeri , Al\u0131m Sat\u0131m ve Kiralama hizmetleri vermektedir. V\u0130LLA","description":"V\u0130LLA","robots":{"index":"index","follow":"follow","max-snippet":"max-snippet:-1","max-image-preview":"max-image-preview:large","max-video-preview":"max-video-preview:-1"},"canonical":"https:\/\/dervisbeygayrimenkul.com\/index.php\/villa\/","og_locale":"tr_TR","og_type":"article","og_title":"V\u0130LLA","og_description":"V\u0130LLA","og_url":"https:\/\/dervisbeygayrimenkul.com\/index.php\/villa\/","og_site_name":"dervisbey gayrimenkul EV SAT KURUMSAL H\u0130ZMETLER\u0130M\u0130Z SATILIK K\u0130RALIK PROJELER \u0130LET\u0130\u015e\u0130M ALSAT ALIMSATIM EVSAT ARSASAT DA\u0130RESAT SATI\u015e G\u00d6\u00c7 V\u0130ZE PASAPORT B\u0130LET YERLES\u0130M YER\u0130 \u0130KAMETGAH EMLAK EV KONUT GAYR\u0130MENKUL DA\u0130RE DEVREM\u00dcLK EMLAK OF\u0130S\u0130 YAPI \u0130N\u015eAAT DEKORASYON TAPU OF\u0130S V\u0130LLA M\u00dcSTAK\u0130L EV B\u0130NA PROJELER TUR\u0130ST\u0130K TES\u0130S ARAZ\u0130 ARSA TARLA KAT KAR\u015eILI\u011eI ARSA DEVREN \u0130\u015e YER\u0130 YABANCI EV SATI\u015eI B\u0130TCO\u0130N AKB\u0130LCO\u0130N B\u0130ZE U\u011eRAMADAN EV ALMAYIN... DERV\u0130\u015eBEY GAYR\u0130MENKUL Ev , Villa , Konut , Studio Daire , Arsa , Tarla , Yazl\u0131k , Bina , Fabrika, \u0130\u015fyeri , Al\u0131m Sat\u0131m ve Kiralama hizmetleri vermektedir.","article_modified_time":"2024-07-17T12:29:58+00:00","og_image":[{"url":"https:\/\/upload.wikimedia.org\/wikipedia\/commons\/thumb\/d\/da\/Baederarchitektur-Binz_1658.jpg\/220px-Baederarchitektur-Binz_1658.jpg","type":"","width":"","height":""}],"twitter_card":"summary_large_image","twitter_misc":{"Tahmini okuma s\u00fcresi":"2 dakika"},"schema":{"@context":"https:\/\/schema.org","@graph":[{"@type":"WebPage","@id":"https:\/\/dervisbeygayrimenkul.com\/index.php\/villa\/","url":"https:\/\/dervisbeygayrimenkul.com\/index.php\/villa\/","name":"V\u0130LLA - dervisbey gayrimenkul EV SAT KURUMSAL H\u0130ZMETLER\u0130M\u0130Z SATILIK K\u0130RALIK PROJELER \u0130LET\u0130\u015e\u0130M ALSAT ALIMSATIM EVSAT ARSASAT DA\u0130RESAT SATI\u015e G\u00d6\u00c7 V\u0130ZE PASAPORT B\u0130LET YERLES\u0130M YER\u0130 \u0130KAMETGAH EMLAK EV KONUT GAYR\u0130MENKUL DA\u0130RE DEVREM\u00dcLK EMLAK OF\u0130S\u0130 YAPI \u0130N\u015eAAT DEKORASYON TAPU OF\u0130S V\u0130LLA M\u00dcSTAK\u0130L EV B\u0130NA PROJELER TUR\u0130ST\u0130K TES\u0130S ARAZ\u0130 ARSA TARLA KAT KAR\u015eILI\u011eI ARSA DEVREN \u0130\u015e YER\u0130 YABANCI EV SATI\u015eI B\u0130TCO\u0130N AKB\u0130LCO\u0130N B\u0130ZE U\u011eRAMADAN EV ALMAYIN... DERV\u0130\u015eBEY GAYR\u0130MENKUL Ev , Villa , Konut , Studio Daire , Arsa , Tarla , Yazl\u0131k , Bina , Fabrika, \u0130\u015fyeri , Al\u0131m Sat\u0131m ve Kiralama hizmetleri vermektedir. V\u0130LLA","isPartOf":{"@id":"https:\/\/dervisbeygayrimenkul.com\/#website"},"primaryImageOfPage":{"@id":"https:\/\/dervisbeygayrimenkul.com\/index.php\/villa\/#primaryimage"},"image":{"@id":"https:\/\/dervisbeygayrimenkul.com\/index.php\/villa\/#primaryimage"},"thumbnailUrl":"https:\/\/upload.wikimedia.org\/wikipedia\/commons\/thumb\/d\/da\/Baederarchitektur-Binz_1658.jpg\/220px-Baederarchitektur-Binz_1658.jpg","datePublished":"2024-07-17T12:07:16+00:00","dateModified":"2024-07-17T12:29:58+00:00","description":"V\u0130LLA","breadcrumb":{"@id":"https:\/\/dervisbeygayrimenkul.com\/index.php\/villa\/#breadcrumb"},"inLanguage":"tr","potentialAction":[{"@type":"ReadAction","target":["https:\/\/dervisbeygayrimenkul.com\/index.php\/villa\/"]}]},{"@type":"ImageObject","inLanguage":"tr","@id":"https:\/\/dervisbeygayrimenkul.com\/index.php\/villa\/#primaryimage","url":"https:\/\/upload.wikimedia.org\/wikipedia\/commons\/thumb\/d\/da\/Baederarchitektur-Binz_1658.jpg\/220px-Baederarchitektur-Binz_1658.jpg","contentUrl":"https:\/\/upload.wikimedia.org\/wikipedia\/commons\/thumb\/d\/da\/Baederarchitektur-Binz_1658.jpg\/220px-Baederarchitektur-Binz_1658.jpg"},{"@type":"BreadcrumbList","@id":"https:\/\/dervisbeygayrimenkul.com\/index.php\/villa\/#breadcrumb","itemListElement":[{"@type":"ListItem","position":1,"name":"Anasayfa","item":"https:\/\/dervisbeygayrimenkul.com\/"},{"@type":"ListItem","position":2,"name":"V\u0130LLA"}]},{"@type":"WebSite","@id":"https:\/\/dervisbeygayrimenkul.com\/#website","url":"https:\/\/dervisbeygayrimenkul.com\/","name":"https:\/\/dervisbeygayrimenkul.com","description":"dervisbey gayrimenkul EV SAT KURUMSAL H\u0130ZMETLER\u0130M\u0130Z SATILIK  K\u0130RALIK PROJELER \u0130LET\u0130\u015e\u0130M ALSAT ALIMSATIM  EVSAT ARSASAT DA\u0130RESAT SATI\u015e G\u00d6\u00c7 V\u0130ZE  PASAPORT B\u0130LET YERLES\u0130M YER\u0130 \u0130KAMETGAH  EMLAK EV KONUT GAYR\u0130MENKUL DA\u0130RE DEVREM\u00dcLK  EMLAK OF\u0130S\u0130 YAPI \u0130N\u015eAAT DEKORASYON  TAPU OF\u0130S V\u0130LLA M\u00dcSTAK\u0130L EV B\u0130NA PROJELER  TUR\u0130ST\u0130K TES\u0130S ARAZ\u0130 ARSA TARLA  KAT KAR\u015eILI\u011eI ARSA DEVREN \u0130\u015e YER\u0130  YABANCI EV SATI\u015eI B\u0130TCO\u0130N AKB\u0130LCO\u0130N B\u0130ZE U\u011eRAMADAN EV ALMAYIN...  DERV\u0130\u015eBEY GAYR\u0130MENKUL  Ev , Villa ,  Konut , Studio Daire  , Arsa , Tarla , Yazl\u0131k , Bina , Fabrika, \u0130\u015fyeri , Al\u0131m Sat\u0131m  ve Kiralama hizmetleri vermektedir.","publisher":{"@id":"https:\/\/dervisbeygayrimenkul.com\/#organization"},"potentialAction":[{"@type":"SearchAction","target":{"@type":"EntryPoint","urlTemplate":"https:\/\/dervisbeygayrimenkul.com\/?s={search_term_string}"},"query-input":{"@type":"PropertyValueSpecification","valueRequired":true,"valueName":"search_term_string"}}],"inLanguage":"tr"},{"@type":"Organization","@id":"https:\/\/dervisbeygayrimenkul.com\/#organization","name":"Dervi\u015fbey Gayrimenkul Tel : 02125919191 Gsm : 05303454282","url":"https:\/\/dervisbeygayrimenkul.com\/","logo":{"@type":"ImageObject","inLanguage":"tr","@id":"https:\/\/dervisbeygayrimenkul.com\/#\/schema\/logo\/image\/","url":"https:\/\/dervisbeygayrimenkul.com\/wp-content\/uploads\/2024\/03\/dervisbey.png","contentUrl":"https:\/\/dervisbeygayrimenkul.com\/wp-content\/uploads\/2024\/03\/dervisbey.png","width":505,"height":183,"caption":"Dervi\u015fbey Gayrimenkul Tel : 02125919191 Gsm : 05303454282"},"image":{"@id":"https:\/\/dervisbeygayrimenkul.com\/#\/schema\/logo\/image\/"}}]}},"_hostinger_reach_plugin_has_subscription_block":false,"_hostinger_reach_plugin_is_elementor":false,"_links":{"self":[{"href":"https:\/\/dervisbeygayrimenkul.com\/index.php\/wp-json\/wp\/v2\/pages\/17717","targetHints":{"allow":["GET"]}}],"collection":[{"href":"https:\/\/dervisbeygayrimenkul.com\/index.php\/wp-json\/wp\/v2\/pages"}],"about":[{"href":"https:\/\/dervisbeygayrimenkul.com\/index.php\/wp-json\/wp\/v2\/types\/page"}],"author":[{"embeddable":true,"href":"https:\/\/dervisbeygayrimenkul.com\/index.php\/wp-json\/wp\/v2\/users\/1"}],"replies":[{"embeddable":true,"href":"https:\/\/dervisbeygayrimenkul.com\/index.php\/wp-json\/wp\/v2\/comments?post=17717"}],"version-history":[{"count":3,"href":"https:\/\/dervisbeygayrimenkul.com\/index.php\/wp-json\/wp\/v2\/pages\/17717\/revisions"}],"predecessor-version":[{"id":17750,"href":"https:\/\/dervisbeygayrimenkul.com\/index.php\/wp-json\/wp\/v2\/pages\/17717\/revisions\/17750"}],"wp:attachment":[{"href":"https:\/\/dervisbeygayrimenkul.com\/index.php\/wp-json\/wp\/v2\/media?parent=17717"}],"curies":[{"name":"wp","href":"https:\/\/api.w.org\/{rel}","templated":true}]}}